{"id":1087,"date":"2018-04-04T16:30:36","date_gmt":"2018-04-04T14:30:36","guid":{"rendered":"http:\/\/www.dpsg-huesten.de\/?page_id=1087"},"modified":"2018-04-04T17:30:49","modified_gmt":"2018-04-04T15:30:49","slug":"osternacht-in-mueschede","status":"publish","type":"page","link":"https:\/\/www.dpsg-huesten.de\/?page_id=1087","title":{"rendered":"Osternacht in M\u00fcschede"},"content":{"rendered":"<p>F\u00fcr einen sehr sch\u00f6nen Ostergottesdienst durften wir das kleineOSterfeuer entz\u00fcnden. Nachts gab es dann ein leckeres Buffet zur St\u00e4rkung.<\/p>\n<p>&nbsp;<\/p>\n<p>[AFG_gallery id=&#8217;19&#8216;]<\/p>\n","protected":false},"excerpt":{"rendered":"<p>F\u00fcr einen sehr sch\u00f6nen Ostergottesdienst durften wir das kleineOSterfeuer entz\u00fcnden. Nachts gab es dann ein leckeres Buffet zur St\u00e4rkung. &nbsp; [AFG_gallery id=&#8217;19&#8216;] <a href=\"https:\/\/www.dpsg-huesten.de\/?page_id=1087\" class=\"more-link\"><span class=\"screen-reader-text\">Osternacht in M\u00fcschede<\/span> weiterlesen<\/a><\/p>\n","protected":false},"author":2,"featured_media":0,"parent":338,"menu_order":0,"comment_status":"closed","ping_status":"closed","template":"","meta":{"ngg_post_thumbnail":0,"footnotes":""},"_links":{"self":[{"href":"https:\/\/www.dpsg-huesten.de\/index.php?rest_route=\/wp\/v2\/pages\/1087"}],"collection":[{"href":"https:\/\/www.dpsg-huesten.de\/index.php?rest_route=\/wp\/v2\/pages"}],"about":[{"href":"https:\/\/www.dpsg-huesten.de\/index.php?rest_route=\/wp\/v2\/types\/page"}],"author":[{"embeddable":true,"href":"https:\/\/www.dpsg-huesten.de\/index.php?rest_route=\/wp\/v2\/users\/2"}],"replies":[{"embeddable":true,"href":"https:\/\/www.dpsg-huesten.de\/index.php?rest_route=%2Fwp%2Fv2%2Fcomments&post=1087"}],"version-history":[{"count":4,"href":"https:\/\/www.dpsg-huesten.de\/index.php?rest_route=\/wp\/v2\/pages\/1087\/revisions"}],"predecessor-version":[{"id":1100,"href":"https:\/\/www.dpsg-huesten.de\/index.php?rest_route=\/wp\/v2\/pages\/1087\/revisions\/1100"}],"up":[{"embeddable":true,"href":"https:\/\/www.dpsg-huesten.de\/index.php?rest_route=\/wp\/v2\/pages\/338"}],"wp:attachment":[{"href":"https:\/\/www.dpsg-huesten.de\/index.php?rest_route=%2Fwp%2Fv2%2Fmedia&parent=1087"}],"curies":[{"name":"wp","href":"https:\/\/api.w.org\/{rel}","templated":true}]}}