{"id":1092,"date":"2018-04-04T16:36:09","date_gmt":"2018-04-04T14:36:09","guid":{"rendered":"http:\/\/www.dpsg-huesten.de\/?page_id=1092"},"modified":"2018-04-04T17:33:30","modified_gmt":"2018-04-04T15:33:30","slug":"stammesverammlung-2018","status":"publish","type":"page","link":"https:\/\/www.dpsg-huesten.de\/?page_id=1092","title":{"rendered":"Stammesverammlung 2018"},"content":{"rendered":"<p>Auf unserer j\u00e4hrlichen Stamesversammlung gab es gleich vier gr\u00f6\u00dfere Ereignisse. Hier der Pressebericht:<\/p>\n<p>Doppelwahl bei den Pfadfindern in H\u00fcsten<br \/>\nAuf der j\u00e4hrlichen Stammesversammlung (so etwas wie eine Jahreshauptversammlung) w\u00e4hlten am vergangenen Freitag die Pfadfinder in H\u00fcsten eine neue Vorsitzende. Jan Hendrik Buchmann gab nach vielen Jahren im Vorstand sein Amt auf und wurde von Melina Hansch abgel\u00f6st. Die 27-j\u00e4hrige blickt auf eine 10j\u00e4hrige Leiterzeit zur\u00fcck und stellt sich jetzt einer neuen Herausforderung. \u201eIch blicke nun einer weiteren, abenteuerlustigen Pfadfinderzeit entgegen!\u201c, freut sich Melina sichtlich motiviert f\u00fcr ihre Aufgabe als Vorsitzende des Stamms St. Ludgerus in H\u00fcsten.<br \/>\nDavid Mayer wurde nach drei Jahren regul\u00e4rer Amtszeit als Vorsitzender wiedergew\u00e4hlt. Der 24j\u00e4hrige freut sich sehr auf die Zusammenarbeit mit Melina und Tobias, dem Stammeskuraten. \u201eWir haben viele tolle Ideen, die wir gemeinsam auch sicher umsetzen k\u00f6nnen.\u201c, gibt David einen optimistischen Ausblick in die n\u00e4chste Zeit. Eine besondere Herausforderung wird f\u00fcr das neue Team vor allem die Suche nach weiteren Leitern sein. Denn immer mehr Kinder wollen Pfadfinder werden, aber f\u00fcr diesen Zuwachs fehlen aktuell Leiter. \u201eDabei ist es auch f\u00fcr junge Erwachsene eine tolle Sache. Das Ehrenamt bietet f\u00fcr einen selbst viele Vorteile, die wir in n\u00e4chster Zeit noch mehr bewerben wollen.\u201c, erkl\u00e4rt David.<br \/>\nInsgesamt w\u00e4chst der Stamm weiterhin und bietet aktuell etwa 60 Kindern und Jugendlichen sowie ihren Leitern tolle Erfahrungsm\u00f6glichkeiten in der Natur und der Gemeinschaft. Gemeinsame Zeltlager geh\u00f6ren ebenso zum Programm wie die w\u00f6chentlichen Gruppenstunden, in denen die einzelnen Altersstufen Aktivit\u00e4ten planen, Spa\u00df beim Spielen im Garten haben oder sich bestimmten Themen wie dem Lagerfeuer oder dem Schnitzen widmen. \u201eM\u00e4dchen und Jungen sind gleicherma\u00dfen gut bei uns aufgehoben. Bisher gab es noch kein M\u00e4dchen, das sich unwohl gef\u00fchlt hat.\u201c, betont Melina.<br \/>\nInteressierte, sowohl Kinder und deren Eltern als auch junge Erwachsene, k\u00f6nnen sich gerne unter www.dpsg-huesten.de weiter informieren und Kontakt mit dem Vorstand aufnehmen.<\/p>\n<p>[AFG_gallery id=&#8217;17&#8216;]<\/p>\n","protected":false},"excerpt":{"rendered":"<p>Auf unserer j\u00e4hrlichen Stamesversammlung gab es gleich vier gr\u00f6\u00dfere Ereignisse. Hier der Pressebericht: Doppelwahl bei den Pfadfindern in H\u00fcsten Auf der j\u00e4hrlichen Stammesversammlung (so etwas wie eine Jahreshauptversammlung) w\u00e4hlten am vergangenen Freitag die Pfadfinder in H\u00fcsten eine neue Vorsitzende. Jan Hendrik Buchmann gab nach vielen Jahren im Vorstand sein Amt auf und wurde von Melina Hansch abgel\u00f6st. Die 27-j\u00e4hrige blickt auf eine 10j\u00e4hrige Leiterzeit zur\u00fcck und stellt sich jetzt einer neuen Herausforderung. \u201eIch blicke nun einer weiteren, abenteuerlustigen Pfadfinderzeit entgegen!\u201c, freut sich Melina sichtlich motiviert f\u00fcr ihre Aufgabe als Vorsitzende des Stamms St. Ludgerus in H\u00fcsten. David Mayer wurde nach &hellip; <a href=\"https:\/\/www.dpsg-huesten.de\/?page_id=1092\" class=\"more-link\"><span class=\"screen-reader-text\">Stammesverammlung 2018<\/span> weiterlesen<\/a><\/p>\n","protected":false},"author":2,"featured_media":0,"parent":338,"menu_order":0,"comment_status":"closed","ping_status":"closed","template":"","meta":{"ngg_post_thumbnail":0,"footnotes":""},"_links":{"self":[{"href":"https:\/\/www.dpsg-huesten.de\/index.php?rest_route=\/wp\/v2\/pages\/1092"}],"collection":[{"href":"https:\/\/www.dpsg-huesten.de\/index.php?rest_route=\/wp\/v2\/pages"}],"about":[{"href":"https:\/\/www.dpsg-huesten.de\/index.php?rest_route=\/wp\/v2\/types\/page"}],"author":[{"embeddable":true,"href":"https:\/\/www.dpsg-huesten.de\/index.php?rest_route=\/wp\/v2\/users\/2"}],"replies":[{"embeddable":true,"href":"https:\/\/www.dpsg-huesten.de\/index.php?rest_route=%2Fwp%2Fv2%2Fcomments&post=1092"}],"version-history":[{"count":3,"href":"https:\/\/www.dpsg-huesten.de\/index.php?rest_route=\/wp\/v2\/pages\/1092\/revisions"}],"predecessor-version":[{"id":1104,"href":"https:\/\/www.dpsg-huesten.de\/index.php?rest_route=\/wp\/v2\/pages\/1092\/revisions\/1104"}],"up":[{"embeddable":true,"href":"https:\/\/www.dpsg-huesten.de\/index.php?rest_route=\/wp\/v2\/pages\/338"}],"wp:attachment":[{"href":"https:\/\/www.dpsg-huesten.de\/index.php?rest_route=%2Fwp%2Fv2%2Fmedia&parent=1092"}],"curies":[{"name":"wp","href":"https:\/\/api.w.org\/{rel}","templated":true}]}}