{"id":111,"date":"2012-03-27T23:03:19","date_gmt":"2012-03-27T22:03:19","guid":{"rendered":"http:\/\/jahebu.he-hosting.de\/dpsg-huesten\/?page_id=111"},"modified":"2023-11-19T23:35:48","modified_gmt":"2023-11-19T22:35:48","slug":"kontakt","status":"publish","type":"page","link":"https:\/\/www.dpsg-huesten.de\/?page_id=111","title":{"rendered":"Kontakt"},"content":{"rendered":"<p>So k\u00f6nnen Sie uns erreichen:<\/p>\n<p><a href=\"mailto:vorstand@dpsg-huesten.de\">vorstand@dpsg-huesten.de<\/a><\/p>\n<p>Anschrift Pfarrb\u00fcro:<br \/>\nPfarrei St. Petri H\u00fcsten<br \/>\n&#8211; DPSG H\u00fcsten &#8211;<br \/>\nKirchplatz 2<br \/>\n59759 Arnsberg<\/p>\n","protected":false},"excerpt":{"rendered":"<p>So k\u00f6nnen Sie uns erreichen: vorstand@dpsg-huesten.de Anschrift Pfarrb\u00fcro: Pfarrei St. Petri H\u00fcsten &#8211; DPSG H\u00fcsten &#8211; Kirchplatz 2 59759 Arnsberg <a href=\"https:\/\/www.dpsg-huesten.de\/?page_id=111\" class=\"more-link\"><span class=\"screen-reader-text\">Kontakt<\/span> weiterlesen<\/a><\/p>\n","protected":false},"author":1,"featured_media":0,"parent":0,"menu_order":10,"comment_status":"closed","ping_status":"open","template":"","meta":{"ngg_post_thumbnail":0,"footnotes":""},"_links":{"self":[{"href":"https:\/\/www.dpsg-huesten.de\/index.php?rest_route=\/wp\/v2\/pages\/111"}],"collection":[{"href":"https:\/\/www.dpsg-huesten.de\/index.php?rest_route=\/wp\/v2\/pages"}],"about":[{"href":"https:\/\/www.dpsg-huesten.de\/index.php?rest_route=\/wp\/v2\/types\/page"}],"author":[{"embeddable":true,"href":"https:\/\/www.dpsg-huesten.de\/index.php?rest_route=\/wp\/v2\/users\/1"}],"replies":[{"embeddable":true,"href":"https:\/\/www.dpsg-huesten.de\/index.php?rest_route=%2Fwp%2Fv2%2Fcomments&post=111"}],"version-history":[{"count":7,"href":"https:\/\/www.dpsg-huesten.de\/index.php?rest_route=\/wp\/v2\/pages\/111\/revisions"}],"predecessor-version":[{"id":2532,"href":"https:\/\/www.dpsg-huesten.de\/index.php?rest_route=\/wp\/v2\/pages\/111\/revisions\/2532"}],"wp:attachment":[{"href":"https:\/\/www.dpsg-huesten.de\/index.php?rest_route=%2Fwp%2Fv2%2Fmedia&parent=111"}],"curies":[{"name":"wp","href":"https:\/\/api.w.org\/{rel}","templated":true}]}}