{"id":1193,"date":"2019-05-21T11:20:25","date_gmt":"2019-05-21T09:20:25","guid":{"rendered":"http:\/\/www.dpsg-huesten.de\/?page_id=1193"},"modified":"2025-01-19T12:38:33","modified_gmt":"2025-01-19T11:38:33","slug":"anmeldungen","status":"publish","type":"page","link":"https:\/\/www.dpsg-huesten.de\/?page_id=1193","title":{"rendered":"Anmeldungen\/Downloads"},"content":{"rendered":"<p>Anmeldungen f\u00fcr unsere Aktionen und Lager oder Downloads von allen m\u00f6glichen Formularen, die unseren Stamm betreffen: Hier finden Eltern und PfadfinderInnen alle aktuellen Links. F\u00fcr einen papierfreien und umweltfeundlichen Stamm St. Ludgerus!<\/p>\n<p>Anmeldungen sind aktuell in allen Altersstufen m\u00f6glich. Unsere aktuellen Gruppenstundenzeiten findet ihr hier: <a href=\"https:\/\/www.dpsg-huesten.de\/?page_id=5\">Unsere Gruppen<\/a><\/p>\n<p>Bei Fragen k\u00f6nnt ihr euch gerne per Mail an uns wenden. (info@dpsg-huesten.de)<\/p>\n<p>&nbsp;<\/p>\n<pre><code><\/code><\/pre>\n<p>&nbsp;<\/p>\n","protected":false},"excerpt":{"rendered":"<p>Anmeldungen f\u00fcr unsere Aktionen und Lager oder Downloads von allen m\u00f6glichen Formularen, die unseren Stamm betreffen: Hier finden Eltern und PfadfinderInnen alle aktuellen Links. F\u00fcr einen papierfreien und umweltfeundlichen Stamm St. Ludgerus! Anmeldungen sind aktuell in allen Altersstufen m\u00f6glich. Unsere aktuellen Gruppenstundenzeiten findet ihr hier: Unsere Gruppen Bei Fragen k\u00f6nnt ihr euch gerne per Mail an uns wenden. (info@dpsg-huesten.de) &nbsp; &nbsp; <a href=\"https:\/\/www.dpsg-huesten.de\/?page_id=1193\" class=\"more-link\"><span class=\"screen-reader-text\">Anmeldungen\/Downloads<\/span> weiterlesen<\/a><\/p>\n","protected":false},"author":2,"featured_media":0,"parent":8,"menu_order":0,"comment_status":"closed","ping_status":"closed","template":"","meta":{"ngg_post_thumbnail":0,"footnotes":""},"_links":{"self":[{"href":"https:\/\/www.dpsg-huesten.de\/index.php?rest_route=\/wp\/v2\/pages\/1193"}],"collection":[{"href":"https:\/\/www.dpsg-huesten.de\/index.php?rest_route=\/wp\/v2\/pages"}],"about":[{"href":"https:\/\/www.dpsg-huesten.de\/index.php?rest_route=\/wp\/v2\/types\/page"}],"author":[{"embeddable":true,"href":"https:\/\/www.dpsg-huesten.de\/index.php?rest_route=\/wp\/v2\/users\/2"}],"replies":[{"embeddable":true,"href":"https:\/\/www.dpsg-huesten.de\/index.php?rest_route=%2Fwp%2Fv2%2Fcomments&post=1193"}],"version-history":[{"count":22,"href":"https:\/\/www.dpsg-huesten.de\/index.php?rest_route=\/wp\/v2\/pages\/1193\/revisions"}],"predecessor-version":[{"id":2565,"href":"https:\/\/www.dpsg-huesten.de\/index.php?rest_route=\/wp\/v2\/pages\/1193\/revisions\/2565"}],"up":[{"embeddable":true,"href":"https:\/\/www.dpsg-huesten.de\/index.php?rest_route=\/wp\/v2\/pages\/8"}],"wp:attachment":[{"href":"https:\/\/www.dpsg-huesten.de\/index.php?rest_route=%2Fwp%2Fv2%2Fmedia&parent=1193"}],"curies":[{"name":"wp","href":"https:\/\/api.w.org\/{rel}","templated":true}]}}