{"id":126,"date":"2012-04-01T12:30:37","date_gmt":"2012-04-01T11:30:37","guid":{"rendered":"http:\/\/jahebu.he-hosting.de\/dpsg-huesten\/?page_id=126"},"modified":"2020-04-01T17:02:01","modified_gmt":"2020-04-01T15:02:01","slug":"ausrustung","status":"publish","type":"page","link":"https:\/\/www.dpsg-huesten.de\/?page_id=126","title":{"rendered":"Ausr\u00fcstung und Bekleidung der Pfadfinder"},"content":{"rendered":"\n<p>Bevor wir Ihnen eine \u00dcbersicht \u00fcber die ben\u00f6tigte Ausr\u00fcstung und Bekleidung geben m\u00f6chten wir auf eines ganz besonders Wert legen: <br>Pfadfinder soll f\u00fcr Alle m\u00f6glich sein! Sollte Ihnen die Beschaffung der Ausr\u00fcstung finanziell nicht m\u00f6glich sein, wenden Sie sich bitte an uns! Wir haben ausreichend finanzielle Mittel, um hier zu helfen. <\/p>\n\n\n<h2>Kluft und Halstuch<\/h2>\n<p>W\u00e4hrend all unserer Aktivit\u00e4ten &#8211; also von der w\u00f6chentlichen Gruppenstunde \u00fcber Tagesausfl\u00fcge bis hin zum Zeltlager oder zur Wanderung &#8211; tragen wir unsere Kluft. Dies soll Zusammenhalt st\u00e4rken und sichtbare finanzielle Unterschiede mindern.<\/p>\n<p>Jedes Mitglied der DPSG tr\u00e4gt die Pfadfinderkluft als Erkennungszeichen. Zur Kluft geh\u00f6rt das jeweilige Halstuch (W\u00f6lflinge &#8211; orange, Juffis &#8211; blau, Pfadis &#8211; gr\u00fcn, Rover &#8211; rot, Leiter und Mitarbeiter &#8211; grau bzw. Woodbadge).<\/p>\n<p>Die Halst\u00fccher gibt es beim ersten Versprechen, bzw. dem Stufenwechsel.<br>Die Aufn\u00e4her der jeweiligen Stufe werden ebenfalls feierlich beim Stufenwechsel oder dem ersten Versprechen \u00fcberreicht.<\/p>\n<p>F\u00fcr verschiedene Aktionen sind au\u00dferdem notwendig:<\/p>\n<h2>Wanderschuhe<\/h2>\n<p>Wir bewegen uns, wenn m\u00f6glich, im Freien. Immer wieder unternehmen wir kleine oder gr\u00f6\u00dfere Wanderungen, die in Halbschuhen kaum vertretbar w\u00e4ren. Gerade Kinder wachsen schnell aus den Schuhen heraus &#8211; eine etwas kosteng\u00fcnstigere Version ist daher absolut ausreichend. Es muss nicht das High-End-Profi-Modell sein. Solange die Kn\u00f6chel umschlossen sind, ist alles gut.<\/p>\n<p>Wanderschuhe sind allerdings nicht gleich zu Beginn notwendig. Es reicht, diese vor entsprechenden Aktionen zu kaufen. Die Leiter beraten Sie gerne!<\/p>\n<h2>Schlafsack<\/h2>\n<p>Um auch Nachts im Zeltlager nicht zu frieren, empfehlen wir einen ausreichend w\u00e4rmenden Schlafsack.<\/p>\n<p>Die Kluft und alles was dazu geh\u00f6rt kann im R\u00fcsthaus bestellt werden.<br>Einfach diesen Zettel beim Gruppenleiter abgeben: <a href=\"http:\/\/jahebu.he-hosting.de\/dpsg-huesten\/wp-content\/uploads\/dokumente\/kluft-info-bestellschein.pdf\" target=\"_blank\" rel=\"noopener noreferrer\">Kluft-Info-Bestellschein<\/a><\/p>\n<p class=\"theme-name\">Was wir Pfadfinder so auf welchen AKtionen brauchen, k\u00f6nnt ihr auch in unserer <a href=\"http:\/\/www.dpsg-huesten.de\/?page_id=318\">Packliste<\/a> nachlesen.<\/p>\n<p class=\"theme-name\">Ebenso k\u00f6nnt ihr dort Ausr\u00fcstung, die euch nicht mehr passt oder die ihr nicht mehr ben\u00f6tig, an andere Mitglieder weitergeben.<\/p>\n<p>Solltet ihr im Stammesumfeld nicht f\u00fcndig werden, gibt es noch die<a title=\"Kluftb\u00f6rse\" href=\"http:\/\/www.kluftboerse.de\" target=\"_blank\" rel=\"noopener noreferrer\"> Kluftb\u00f6rse<\/a>, in der auch allerhand Ausr\u00fcstung von Pfadfinder zu Pfadfinder weitergegeben wird.<\/p>\n<p>Wenn ihr euch neue Ausr\u00fcstung zulegen m\u00f6chtet, empfehlen wir euch folgende Fachh\u00e4ndler:<\/p>\n<ul>\n<li>Unseren Verbandsausr\u00fcster, das <a title=\"R\u00fcsthaus\" href=\"http:\/\/www.ruesthaus.de\" target=\"_blank\" rel=\"noopener noreferrer\">R\u00fcsthaus<\/a>. Bestellen k\u00f6nnt ihr jederzeit Versandkostenfrei bei euerem Gruppenleiter mit diesem <a href=\"http:\/\/jahebu.he-hosting.de\/dpsg-huesten\/wp-content\/uploads\/dokumente\/kluft-info-bestellschein.pdf\" target=\"_blank\" rel=\"noopener noreferrer\">Formular<\/a>.<br>Das R\u00fcshaus hat auch immer einige <a title=\"R\u00fcsthaus Fundgrupe\" href=\"http:\/\/www.ruesthaus.de\/shop\/fundgrube.html\" target=\"_blank\" rel=\"noopener noreferrer\">Sonderangebote in der Fundgrube<\/a>!<\/li>\n<li>Den Outdoor Laden <a title=\"Wind &amp; Wetter\" href=\"http:\/\/www.windundwetter.com\/\" target=\"_blank\" rel=\"noopener noreferrer\">Wind &amp; Wetter<\/a> in Neheim. Dort bekommt ihr als Mitglieder Pfadfinderrabatt. Sprecht das Personal einfach an und fragt nach Nina!<\/li>\n<li>Bei <a title=\"Globetrotter Ausr\u00fcstung\" href=\"http:\/\/www.globetrotter.de\" target=\"_blank\" rel=\"noopener noreferrer\">Globetrotter<\/a>, z.B. in K\u00f6ln, gibt es eine besonders gro\u00dfe Auswahl an Ausr\u00fcstung und auch M\u00f6glichkeiten diese ausgiebig zu testen. Das bietet vor allem beim Kauf von <a title=\"Der Wanderrucksack\" href=\"http:\/\/jahebu.he-hosting.de\/dpsg-huesten\/?page_id=406\" target=\"_blank\" rel=\"noopener noreferrer\">Wanderrucks\u00e4cken<\/a> und Wanderschuhen die M\u00f6glichkeit das optimale Produkt f\u00fcr dich und deinen K\u00f6rperbau zu finden.<\/li>\n<\/ul>","protected":false},"excerpt":{"rendered":"<p>Bevor wir Ihnen eine \u00dcbersicht \u00fcber die ben\u00f6tigte Ausr\u00fcstung und Bekleidung geben m\u00f6chten wir auf eines ganz besonders Wert legen: Pfadfinder soll f\u00fcr Alle m\u00f6glich sein! Sollte Ihnen die Beschaffung der Ausr\u00fcstung finanziell nicht m\u00f6glich sein, wenden Sie sich bitte an uns! Wir haben ausreichend finanzielle Mittel, um hier zu helfen. Kluft und Halstuch W\u00e4hrend all unserer Aktivit\u00e4ten &#8211; also von der w\u00f6chentlichen Gruppenstunde \u00fcber Tagesausfl\u00fcge bis hin zum Zeltlager oder zur Wanderung &#8211; tragen wir unsere Kluft. Dies soll Zusammenhalt st\u00e4rken und sichtbare finanzielle Unterschiede mindern. Jedes Mitglied der DPSG tr\u00e4gt die Pfadfinderkluft als Erkennungszeichen. Zur Kluft geh\u00f6rt das &hellip; <a href=\"https:\/\/www.dpsg-huesten.de\/?page_id=126\" class=\"more-link\"><span class=\"screen-reader-text\">Ausr\u00fcstung und Bekleidung der Pfadfinder<\/span> weiterlesen<\/a><\/p>\n","protected":false},"author":1,"featured_media":0,"parent":1906,"menu_order":7,"comment_status":"closed","ping_status":"open","template":"","meta":{"ngg_post_thumbnail":0,"footnotes":""},"_links":{"self":[{"href":"https:\/\/www.dpsg-huesten.de\/index.php?rest_route=\/wp\/v2\/pages\/126"}],"collection":[{"href":"https:\/\/www.dpsg-huesten.de\/index.php?rest_route=\/wp\/v2\/pages"}],"about":[{"href":"https:\/\/www.dpsg-huesten.de\/index.php?rest_route=\/wp\/v2\/types\/page"}],"author":[{"embeddable":true,"href":"https:\/\/www.dpsg-huesten.de\/index.php?rest_route=\/wp\/v2\/users\/1"}],"replies":[{"embeddable":true,"href":"https:\/\/www.dpsg-huesten.de\/index.php?rest_route=%2Fwp%2Fv2%2Fcomments&post=126"}],"version-history":[{"count":16,"href":"https:\/\/www.dpsg-huesten.de\/index.php?rest_route=\/wp\/v2\/pages\/126\/revisions"}],"predecessor-version":[{"id":1929,"href":"https:\/\/www.dpsg-huesten.de\/index.php?rest_route=\/wp\/v2\/pages\/126\/revisions\/1929"}],"up":[{"embeddable":true,"href":"https:\/\/www.dpsg-huesten.de\/index.php?rest_route=\/wp\/v2\/pages\/1906"}],"wp:attachment":[{"href":"https:\/\/www.dpsg-huesten.de\/index.php?rest_route=%2Fwp%2Fv2%2Fmedia&parent=126"}],"curies":[{"name":"wp","href":"https:\/\/api.w.org\/{rel}","templated":true}]}}