{"id":134,"date":"2012-03-28T11:04:43","date_gmt":"2012-03-28T10:04:43","guid":{"rendered":"http:\/\/jahebu.he-hosting.de\/dpsg-huesten\/?page_id=134"},"modified":"2023-11-19T23:33:35","modified_gmt":"2023-11-19T22:33:35","slug":"impressum","status":"publish","type":"page","link":"https:\/\/www.dpsg-huesten.de\/?page_id=134","title":{"rendered":"Impressum"},"content":{"rendered":"<ol>\n<li><strong> Datenschutzerkl\u00e4rung<\/strong><\/li>\n<\/ol>\n<p>Diese Datenschutzerkl\u00e4rung unterrichtet dich gem\u00e4\u00df Art. 13 DS-GVO analog dazu \u00a7 15 KDG \u00fcber Art und Weise und die Hintergr\u00fcnde der Verarbeitung deiner personenbezogenen Daten \u00fcber die Website www.dpsg-huesten.de (nachfolgend \u201e <strong>Website<\/strong>\u201c) und \u00fcber die euch zustehenden Rechte.<\/p>\n<p>Personenbezogene Daten sind alle Informationen, die sich auf eine identifizierte oder identifizierbare nat\u00fcrliche Person beziehen. Als identifizierbar wird eine nat\u00fcrliche Person angesehen, die direkt oder indirekt, insbesondere mittels Zuordnung zu einer Kennung wie einem Namen, zu einer Kennnummer, zu Standortdaten, zu einer Online-Kennung oder zu einem oder mehreren besonderen Merkmalen identifiziert werden kann, die Ausdruck der physischen, physiologischen, genetischen, psychischen, wirtschaftlichen, kulturellen oder sozialen Identit\u00e4t dieser nat\u00fcrlichen Person sind. Dieses sind also nicht nur dein Name, deine E-Mail-Adresse oder \u201adeine Kontaktdaten, sondern z.B. auch die IP-Adresse, \u00fcber die du ggf. rein informatorisch unsere Website besuchst.<\/p>\n<ol start=\"2\">\n<li><strong> Verantwortliche\/r <\/strong><\/li>\n<\/ol>\n<p>Verantwortliche gem\u00e4\u00df Art. 4 Nr. 7 DS-GVO bzw. \u00a7 4 Nr. 9 KDG ist:<\/p>\n<p>DPSG Stamm St. Ludgerus H\u00fcsten<\/p>\n<p>Vertretungsberechtigt ist der Vereinsvorstand:<\/p>\n<p>Frederik Buchmann<br \/>\nMelina Krick<br \/>\nSonja Fischer<\/p>\n<p>Kontakt:<\/p>\n<p>Frederik Buchmann<br \/>\nOelinghauser Weg 4<br \/>\n59757 Arnsberg<\/p>\n<p>Mail: vorstand@dpsg-huesten.de<\/p>\n<ol start=\"3\">\n<li><strong> Datenschutzbeauftragte\/r <\/strong><\/li>\n<\/ol>\n<p>Frederik Buchmann (siehe oben)<\/p>\n<ol start=\"4\">\n<li><strong> Eure Betroffenenrechte<\/strong><\/li>\n<\/ol>\n<p>Ihr habt nach der DS-GVO und dem KDG (\u00a7\u00a7 17 ff. KDG) folgende Rechte hinsichtlich der euch betreffenden personenbezogenen Daten:<\/p>\n<p>&#8211; Recht auf Auskunft,<\/p>\n<p>&#8211; Recht auf Berichtigung,<\/p>\n<p>&#8211; Recht auf L\u00f6schung,<\/p>\n<p>&#8211; Recht auf Einschr\u00e4nkung der Verarbeitung,<\/p>\n<p>&#8211; Recht auf Widerspruch gegen die Verarbeitung,<\/p>\n<p>&#8211; Recht auf Daten\u00fcbertragbarkeit.<\/p>\n<p>Sie haben zudem das Recht, sich bei einer Datenschutz-Aufsichtsbeh\u00f6rde bzw. der Datenschutzaufsicht (\u00a7\u00a7 42 ff. KDG) \u00fcber die Verarbeitung Ihrer personenbezogenen Daten zu beschweren.<\/p>\n<ol start=\"5\">\n<li><strong> Kontaktanfragen<\/strong><\/li>\n<\/ol>\n<p>Bei Anfragen \u00fcber unser Kontaktformular oder im Rahmen unserer dir zur Verf\u00fcgung gestellten E-Mailadresse verarbeiten wir die von dir freiwillig zur Verf\u00fcgung gestellten personenbezogenen Daten ausschlie\u00dflich dazu, um deine Anfrage zu bearbeiten, zu beantworten oder uns mit dir in Verbindung zu setzen. Die in diesem Zusammenhang anfallenden Daten werden nach abschlie\u00dfender Beantwortung gel\u00f6scht, sollten nicht gesetzliche oder sonstige Aufbewahrungspflichten bestehen. Rechtsgrundlage f\u00fcr diese Verarbeitung Ihrer personenbezogenen Daten ist Art. 6 Abs. 1 lit. b DS-GVO bzw. \u00a7 6 Abs. 1 lit. c KDG.<\/p>\n<ol start=\"6\">\n<li><strong> Links zu anderen Websites <\/strong><\/li>\n<\/ol>\n<p>Die Website enth\u00e4lt ggf. Links zu anderen Websites, zu Datenschutzerkl\u00e4rungen und Datenschutzrichtlinien auf diesen Websites. Wir \u00fcbernehmen weder eine Haftung noch eine Verantwortung f\u00fcr diese nicht im Zusammenhang mit unserer Website stehenden Erkl\u00e4rungen und Richtlinien.<\/p>\n<ol start=\"7\">\n<li><strong> Rein informatorischer Besuch unserer Website<\/strong><\/li>\n<\/ol>\n<p>Bei dem informatorischen Besuch unserer Website erfassen wir automatisiert folgende Daten und Informationen vom Computersystem des aufrufenden Rechners:<\/p>\n<p>&#8211; <em>IP-Adresse<\/em><\/p>\n<p>&#8211; <em>Datum und Uhrzeit der Anfrage<\/em><\/p>\n<p>&#8211; <em>Zeitzonendifferenz zur Greenwich Mean Time (GMT)<\/em><\/p>\n<p>&#8211; <em>Inhalt der Anforderung (konkrete Seite)<\/em><\/p>\n<p>&#8211; <em>Zugriffsstatus\/HTTP-Statuscode<\/em><\/p>\n<p>&#8211; <em>jeweils \u00fcbertragene Datenmenge<\/em><\/p>\n<p>&#8211; <em>Website, von der die Anforderung kommt<\/em><\/p>\n<p>&#8211; <em>Browser<\/em><\/p>\n<p>&#8211; <em>Betriebssystem und dessen Oberfl\u00e4che<\/em><\/p>\n<p>&#8211; <em>Sprache und Version der Browsersoftware<\/em><\/p>\n<p><em>Die Daten werden ebenfalls in den Logfiles unseres Systems gespeichert. Eine Speicherung dieser Daten zusammen mit anderen personenbezogenen Daten des Nutzers findet nicht statt. <\/em><\/p>\n<p>Diese Datenverarbeitung durch unser System dient dem Zweck und unserem Interesse, die Auslieferung der Website an den Rechner des Nutzers zu erm\u00f6glichen. Hierf\u00fcr muss die IP-Adresse des Nutzers f\u00fcr die Dauer der Sitzung gespeichert bleiben. <em>Die Speicherung in Logfiles erfolgt zu dem Zweck und unserem Interesse, die Funktionsf\u00e4higkeit der Website sicherzustellen und zur Optimierung der Website sowie zur Sicherstellung der Sicherheit unserer informationstechnischen Systeme. Eine Auswertung dieser Daten zu Marketingzwecken findet nicht statt. <\/em><\/p>\n<p>Rechtsgrundlage f\u00fcr die Datenverarbeitung ist Art. 6 Abs. 1 S. 1 lit. f DS-GVO bzw. \u00a7 6 Abs. 1 lit. g KDG. Die Daten werden in unserem System gel\u00f6scht, wenn die jeweilige Sitzung beendet ist. <em>Die in den Logfiles gespeicherten Daten werden nach sp\u00e4testens sieben Tagen gel\u00f6scht oder anonymisiert, sodass eine Zuordnung des aufrufenden Clients nicht mehr m\u00f6glich ist. <\/em>Die Erfassung der Daten zur Bereitstellung der Website <em>und die Speicherung der Daten in Logfiles<\/em> ist f\u00fcr den Betrieb der Internetseite zwingend erforderlich. Im \u00dcbrigen erheben wir personenbezogene Daten von dir nur dann, wenn du uns diese auf der Website freiwillig zur Verf\u00fcgung stellst, z. B., wenn du ein Benutzerkonto einrichten oder dich bei einem Newsletter registrieren, eine Bestellung aufgeben oder mit uns in Kontakt treten m\u00f6chtest.<\/p>\n<p>Du kannst die Website auch generell besuchen, ohne personenbezogene Daten preiszugeben. In diesem Fall kann es jedoch sein, dass ihr bestimmte Bereiche der Website nicht nutzen bzw. wir eine Anfrage von euch nicht beantworten k\u00f6nnen.<\/p>\n<ol start=\"8\">\n<li><strong> Was sind Cookies?<\/strong><\/li>\n<\/ol>\n<p>Ein Cookie ist ein kleiner Datensatz, der auf Ihrem Endger\u00e4t gespeichert wird und Daten wie z. B. pers\u00f6nliche Seiteneinstellungen und Anmeldeinformationen enth\u00e4lt. Dieser Datensatz wird von dem Webserver, mit dem du \u00fcber deinen Webbrowser eine Verbindung aufgebaut hast, erzeugt und an dich gesendet.<\/p>\n<p>Nachfolgend sind die gebr\u00e4uchlichsten Arten von Cookies zu deinem Verst\u00e4ndnis erkl\u00e4rt:<\/p>\n<p>&#8211; <strong>Sitzungs-Cookies:<\/strong> W\u00e4hrend du auf einer Webseite aktiv bist, wird tempor\u00e4r ein Sitzungs-Cookie im Speicher deines Computers abgelegt, in dem eine Sitzungskennung gespeichert wird, um z. B. bei jedem Seitenwechsel zu verhindern, dass du dich erneut anmelden musst. Sitzungs-Cookies werden bei der Abmeldung gel\u00f6scht oder verlieren ihre G\u00fcltigkeit, sobald ihre Sitzung automatisch abgelaufen ist.<\/p>\n<p>&#8211; <strong>Permanente oder Protokoll-Cookies:<\/strong> Ein permanenter oder Protokoll-Cookie speichert eine Datei \u00fcber den im Ablaufdatum vorgesehenen Zeitraum auf deinem Computer. Durch diese Cookies erinnern sich Websites bei deinem n\u00e4chsten Besuch an deine Informationen und Einstellungen. Das f\u00fchrt zu einem schnelleren und bequemeren Zugriff, da du z. B. nicht erneut die Spracheinstellung vornehmen musst. Mit Verstreichen des Ablaufdatums wird der Cookie automatisch gel\u00f6scht, wenn du die Webseite besuchst, die diesen erzeugt hat.<\/p>\n<p><strong>Drittanbieter-Cookies:<\/strong> Drittanbieter-Cookies stammen von anderen Anbietern als dem Betreiber der Webseite. Sie k\u00f6nnen beispielsweise zum Sammeln von Informationen f\u00fcr Werbung, benutzerdefinierte Inhalte und Web-Statistiken verwendet werden.<\/p>\n<ol start=\"9\">\n<li><strong> Technisch notwendige Cookies<\/strong><\/li>\n<\/ol>\n<p>Einige Elemente unserer Internetseite erfordern es, dass der aufrufende Browser auch nach einem Seitenwechsel identifiziert werden kann. In den bei euch zu setzenden Cookies werden dabei folgende Daten gespeichert und \u00fcbermittelt:<\/p>\n<p>&#8211; <em>Spracheinstellungen<\/em><\/p>\n<p>&#8211; <em>Artikel in einem Warenkorb<\/em><\/p>\n<p>&#8211; <em>Log-In-Informationen<\/em><\/p>\n<p>Die Cookies werden bei Schlie\u00dfung des Browsers gel\u00f6scht. Die Rechtsgrundlage f\u00fcr die Verarbeitung personenbezogener Daten unter Verwendung dieser technisch notwendigen Cookies ist Art. 6 Abs. 1 lit. f DSGVO bzw. \u00a7 6 Abs. 1 lit. g KDG. Die Cookies dienen unserem berechtigten Interesse, die Nutzung und Bereitstellung unserer Website zu erm\u00f6glichen. Bei den Cookies handelt es sich um f\u00fcr die Nutzung der Website technisch notwendige Cookies.<\/p>\n<ol start=\"10\">\n<li><strong> Nutzerprofile<\/strong><\/li>\n<\/ol>\n<p>Auf unserer Website verwenden wir \u00fcber die technisch notwendigen Cookies hinaus auch Cookies, die Ihr Nutzerverhalten analysieren k\u00f6nnen. Hier geht es also darum, wie ihr unsere Website im Einzelnen verwenden. Wir k\u00f6nnen damit die Qualit\u00e4t unserer Website und ihre Inhalte verbessern. Auf diese Weise k\u00f6nnen folgende (personenbezogene) Daten \u00fcbermittelt werden:<\/p>\n<p>&#8211; <em>Eingegebene Suchbegriffe<\/em><\/p>\n<p>&#8211; <em>H\u00e4ufigkeit von Seitenaufrufen<\/em><\/p>\n<p>&#8211; <em>Inanspruchnahme von Website-Funktionen<\/em><\/p>\n<p>Die auf diese Weise erhobenen Daten werden durch technische Vorkehrungen pseudonymisiert. Daher ist eine Zuordnung der Daten zum aufrufenden Nutzer nicht mehr m\u00f6glich. Die Daten werden nicht gemeinsam mit sonstigen personenbezogenen Daten der Nutzer gespeichert.<\/p>\n<p>Du kannst unsere Website grunds\u00e4tzlich auch ohne Cookies aufrufen. Willst du unsere Websites vollumf\u00e4nglich bzw. komfortabel nutzen, solltest du jedoch diejenigen Cookies akzeptieren, die die Nutzung bestimmter Funktionen erm\u00f6glichen bzw. die Nutzung komfortabler machen.<\/p>\n<p>Die Rechtsgrundlage f\u00fcr die Verarbeitung personenbezogener Daten unter Verwendung der Cookies zu Analysezwecken ist die von euch erteilte Einwilligungserkl\u00e4rung gem. Art. 6 Abs. 1 lit. a DS-GVO bzw. \u00a7 6 Abs. 1 lit. b KDG. Ihr k\u00f6nnt eure Einwilligung jederzeit widerrufen; die personenbezogenen Daten werden dann unverz\u00fcglich gel\u00f6scht. Ihr habt als Nutzerin \/ Nutzer die volle Kontrolle \u00fcber die Speicherung der Cookies und k\u00f6nnt gespeicherte Cookies etwa in eurem Browser jederzeit l\u00f6schen.<\/p>\n<p>F\u00fcr die Auswertung wird die quelleoffenen Webanalyse Software Piwik verwendet. Du kannst diese Auswertung f\u00fcr dich unterbinden, indem du <a href=\"http:\/\/dpsg-projekte.de\/_PiWiK_\/index.php?module=CoreAdminHome&amp;action=optOut&amp;language=de\">hier <\/a>klickst.<\/p>\n<ol start=\"11\">\n<li><strong> Newsletter<\/strong><\/li>\n<li>Du hast die M\u00f6glichkeit, unseren Newsletter zu abonnieren. Hierf\u00fcr ist die Eingabe deiner E-Mail-Adresse in dem daf\u00fcr vorgesehenen Feld erforderlich.<\/li>\n<li>F\u00fcr die Anmeldung zu unserem Newsletter verwenden wir das sog. Double-Opt-in-Verfahren. Das hei\u00dft, dass wir dir nach deiner Anmeldung eine E-Mail an die angegebene E-Mail-Adresse senden, in welcher wir dich um Best\u00e4tigung bitten, dass du den Versand des Newsletters w\u00fcnschst. Wenn du deine Anmeldung nicht innerhalb von 24 Stunden best\u00e4tigst, werden deine Informationen gesperrt und nach einem Monat automatisch gel\u00f6scht. Dar\u00fcber hinaus speichern wir jeweils deine eingesetzten IP-Adressen und Zeitpunkte der Anmeldung und Best\u00e4tigung. Zweck des Verfahrens ist, deine Anmeldung nachweisen und ggf. einen m\u00f6glichen Missbrauch deiner pers\u00f6nlichen Daten aufkl\u00e4ren zu k\u00f6nnen.<\/li>\n<li>Nach deiner Best\u00e4tigung speichert unser Dienstleister deine E-Mail-Adresse zum Zweck der Zusendung des Newsletters. Rechtsgrundlage ist Art. 6 Abs. 1 S. 1 lit. a DS-GVO bzw. \u00a7 6 Abs. 1 lit. b KDG.<\/li>\n<li>Deine Einwilligung in die \u00dcbersendung des Newsletters kannst du jederzeit widerrufen und den Newsletter abbestellen. Den Widerruf kannst du durch Klick auf den hierf\u00fcr in jeder Newsletter-E-Mail bereitgestellten Link erkl\u00e4ren.<\/li>\n<li>Der Versand erfolgt durch das Unternehmen CleverReach GmbH &amp; Co. KG. <a href=\"https:\/\/www.cleverreach.com\/de\/datenschutz\/\">Hier k\u00f6nnt ihr die Datenschutzerkl\u00e4rung <\/a>des Dienstleisters nachlesen.<\/li>\n<\/ol>\n<p>Die im Zusammenhang mit der Newsletterbe- bzw. abbestellung erhobenen Daten werden unverz\u00fcglich nach Abbestellung des Newsletters f\u00fcr die Nutzung zum Nachweis des Bestellvorgangs eingeschr\u00e4nkt gespeichert und nach Ablauf gesetzlicher Aufbewahrungsfristen gel\u00f6scht.<\/p>\n<ol start=\"12\">\n<li><strong> Externe Plugins<\/strong><\/li>\n<\/ol>\n<p>Um f\u00fcr ausreichend Datensicherheit bei der \u00dcbermittlung von Formularen Sorge zu tragen, verwenden wir in bestimmten F\u00e4llen den Service reCAPTCHA des Unternehmens Google Inc. Dies dient vor allem zur Unterscheidung, ob die Eingabe durch einen Mensch oder missbr\u00e4uchlich durch automatisierte Verarbeitung erfolgte. Der Service nutzt die IP-Adresse und ggf. weiterer von Google f\u00fcr den Dienst reCAPTCHA ben\u00f6tigter Daten an Google ein. Hierf\u00fcr gelten die Datenschutzbestimmungen von Google Inc. Weitere Informationen zu den Datenschutzrichtlinien von Google Inc. finden Sie unter <a href=\"http:\/\/www.google.de\/intl\/de\">http:\/\/www.google.de\/intl\/de<\/a><\/p>\n<p>F\u00fcr die Stammessuche verwenden wir den Google Dienst Maps. Zur Darstellung von DPSG-St\u00e4mmen in Deutschland \u00fcbertragen wir Kontaktdaten an Google. Weitere Informationen zu den Datenschutzrichtlinien von Google Inc. finden Sie unter <a href=\"http:\/\/www.google.de\/intl\/de\">http:\/\/www.google.de\/intl\/de<\/a><\/p>\n<p>F\u00fcr einige Formulare wird die quelloffene Software LimeSurvey verwendet. Das Programm l\u00e4uft auf demselben Webserver, wie die gesamte Webseite. Es werden keine Daten an Dritte \u00fcbertragen.<\/p>\n","protected":false},"excerpt":{"rendered":"<p>Datenschutzerkl\u00e4rung Diese Datenschutzerkl\u00e4rung unterrichtet dich gem\u00e4\u00df Art. 13 DS-GVO analog dazu \u00a7 15 KDG \u00fcber Art und Weise und die Hintergr\u00fcnde der Verarbeitung deiner personenbezogenen Daten \u00fcber die Website www.dpsg-huesten.de (nachfolgend \u201e Website\u201c) und \u00fcber die euch zustehenden Rechte. Personenbezogene Daten sind alle Informationen, die sich auf eine identifizierte oder identifizierbare nat\u00fcrliche Person beziehen. Als identifizierbar wird eine nat\u00fcrliche Person angesehen, die direkt oder indirekt, insbesondere mittels Zuordnung zu einer Kennung wie einem Namen, zu einer Kennnummer, zu Standortdaten, zu einer Online-Kennung oder zu einem oder mehreren besonderen Merkmalen identifiziert werden kann, die Ausdruck der physischen, physiologischen, genetischen, psychischen, wirtschaftlichen, &hellip; <a href=\"https:\/\/www.dpsg-huesten.de\/?page_id=134\" class=\"more-link\"><span class=\"screen-reader-text\">Impressum<\/span> weiterlesen<\/a><\/p>\n","protected":false},"author":1,"featured_media":0,"parent":0,"menu_order":15,"comment_status":"closed","ping_status":"open","template":"","meta":{"ngg_post_thumbnail":0,"footnotes":""},"_links":{"self":[{"href":"https:\/\/www.dpsg-huesten.de\/index.php?rest_route=\/wp\/v2\/pages\/134"}],"collection":[{"href":"https:\/\/www.dpsg-huesten.de\/index.php?rest_route=\/wp\/v2\/pages"}],"about":[{"href":"https:\/\/www.dpsg-huesten.de\/index.php?rest_route=\/wp\/v2\/types\/page"}],"author":[{"embeddable":true,"href":"https:\/\/www.dpsg-huesten.de\/index.php?rest_route=\/wp\/v2\/users\/1"}],"replies":[{"embeddable":true,"href":"https:\/\/www.dpsg-huesten.de\/index.php?rest_route=%2Fwp%2Fv2%2Fcomments&post=134"}],"version-history":[{"count":15,"href":"https:\/\/www.dpsg-huesten.de\/index.php?rest_route=\/wp\/v2\/pages\/134\/revisions"}],"predecessor-version":[{"id":2529,"href":"https:\/\/www.dpsg-huesten.de\/index.php?rest_route=\/wp\/v2\/pages\/134\/revisions\/2529"}],"wp:attachment":[{"href":"https:\/\/www.dpsg-huesten.de\/index.php?rest_route=%2Fwp%2Fv2%2Fmedia&parent=134"}],"curies":[{"name":"wp","href":"https:\/\/api.w.org\/{rel}","templated":true}]}}