{"id":1916,"date":"2020-04-01T12:38:17","date_gmt":"2020-04-01T10:38:17","guid":{"rendered":"http:\/\/www.dpsg-huesten.de\/?page_id=1916"},"modified":"2020-04-17T09:25:55","modified_gmt":"2020-04-17T07:25:55","slug":"tierspuren","status":"publish","type":"page","link":"https:\/\/www.dpsg-huesten.de\/?page_id=1916","title":{"rendered":"Tierspuren"},"content":{"rendered":"\n<p>Du wolltest schon immer Tierspuren wie ein echter Indianer lesen k\u00f6nnen? Dann haben wir hier etwas f\u00fcr dich! Wer Tierspuren lesen kann, liest den Wald gleich ganz anders und entdeckt bis dahin Verborgenes. Wir zeigen dir hier die wichtigsten Spuren und verraten dir zudem noch ein paar Tipps. Viel Spa\u00df beim Erforschen des Waldes!<\/p>\n\n\n\n<div class=\"wp-block-columns is-layout-flex wp-container-core-columns-layout-1 wp-block-columns-is-layout-flex\">\n<div class=\"wp-block-column is-layout-flow wp-block-column-is-layout-flow\">\n<h2>\u00dcbersicht \u00fcber die wichtigsten Tierspuren<\/h2>\n<h3>Das Wildschwein<\/h3>\n<p><a href=\"http:\/\/www.dpsg-huesten.de\/wp-content\/uploads\/2020\/04\/Wildschwein-scaled.jpg\"><img decoding=\"async\" class=\"alignleft size-medium wp-image-2024\" src=\"http:\/\/www.dpsg-huesten.de\/wp-content\/uploads\/2020\/04\/Wildschwein-216x300.jpg\" alt=\"\" width=\"216\" height=\"300\" srcset=\"https:\/\/www.dpsg-huesten.de\/wp-content\/uploads\/2020\/04\/Wildschwein-216x300.jpg 216w, https:\/\/www.dpsg-huesten.de\/wp-content\/uploads\/2020\/04\/Wildschwein-738x1024.jpg 738w, https:\/\/www.dpsg-huesten.de\/wp-content\/uploads\/2020\/04\/Wildschwein-768x1065.jpg 768w, https:\/\/www.dpsg-huesten.de\/wp-content\/uploads\/2020\/04\/Wildschwein-1107x1536.jpg 1107w, https:\/\/www.dpsg-huesten.de\/wp-content\/uploads\/2020\/04\/Wildschwein-1476x2048.jpg 1476w, https:\/\/www.dpsg-huesten.de\/wp-content\/uploads\/2020\/04\/Wildschwein-43x60.jpg 43w, https:\/\/www.dpsg-huesten.de\/wp-content\/uploads\/2020\/04\/Wildschwein-scaled.jpg 1846w\" sizes=\"(max-width: 216px) 100vw, 216px\" \/><\/a><\/p>\n<p>&nbsp;<\/p>\n<p>&nbsp;<\/p>\n<p>&nbsp;<\/p>\n<p>&nbsp;<\/p>\n<p>&nbsp;<\/p>\n<p>&nbsp;<\/p>\n<ul>\n<li>Paarhufer<\/li>\n<li>Familie der Echten Schweine<\/li>\n<li>urspr\u00fcnglich Westeuropa bis S\u00fcdostasien<\/li>\n<li>durch Aussetzen nahezu weltweit<\/li>\n<li>Allesfresser<\/li>\n<li>sehr anpassungsf\u00e4hig<\/li>\n<li>Lieblingsessen von Asterix und Obelix<\/li>\n<\/ul>\n<p>&nbsp;<\/p>\n<h3>Der Hase<\/h3>\n<p><a href=\"http:\/\/www.dpsg-huesten.de\/wp-content\/uploads\/2020\/04\/Hase-scaled.jpg\"><img decoding=\"async\" class=\"alignleft size-medium wp-image-2026\" src=\"http:\/\/www.dpsg-huesten.de\/wp-content\/uploads\/2020\/04\/Hase-216x300.jpg\" alt=\"\" width=\"216\" height=\"300\" srcset=\"https:\/\/www.dpsg-huesten.de\/wp-content\/uploads\/2020\/04\/Hase-216x300.jpg 216w, https:\/\/www.dpsg-huesten.de\/wp-content\/uploads\/2020\/04\/Hase-738x1024.jpg 738w, https:\/\/www.dpsg-huesten.de\/wp-content\/uploads\/2020\/04\/Hase-768x1065.jpg 768w, https:\/\/www.dpsg-huesten.de\/wp-content\/uploads\/2020\/04\/Hase-1107x1536.jpg 1107w, https:\/\/www.dpsg-huesten.de\/wp-content\/uploads\/2020\/04\/Hase-1476x2048.jpg 1476w, https:\/\/www.dpsg-huesten.de\/wp-content\/uploads\/2020\/04\/Hase-43x60.jpg 43w, https:\/\/www.dpsg-huesten.de\/wp-content\/uploads\/2020\/04\/Hase-scaled.jpg 1846w\" sizes=\"(max-width: 216px) 100vw, 216px\" \/><\/a><\/p>\n<p>&nbsp;<\/p>\n<p>&nbsp;<\/p>\n<p>&nbsp;<\/p>\n<p>&nbsp;<\/p>\n<p>&nbsp;<\/p>\n<p>&nbsp;<\/p>\n<ul>\n<li>lebt meist auf Wiesen oder dem Feld<\/li>\n<li>kann schnell laufen<\/li>\n<li>kommt heute weltweit vor<\/li>\n<li>Pflanzenfresser<\/li>\n<\/ul>\n<h3>Das Eichh\u00f6rnchen<\/h3>\n<h3><a href=\"http:\/\/www.dpsg-huesten.de\/wp-content\/uploads\/2020\/04\/Eichh\u00f6rnchen-scaled.jpg\"><img decoding=\"async\" class=\"alignleft size-medium wp-image-2039\" src=\"http:\/\/www.dpsg-huesten.de\/wp-content\/uploads\/2020\/04\/Eichh\u00f6rnchen-216x300.jpg\" alt=\"\" width=\"216\" height=\"300\" srcset=\"https:\/\/www.dpsg-huesten.de\/wp-content\/uploads\/2020\/04\/Eichh\u00f6rnchen-216x300.jpg 216w, https:\/\/www.dpsg-huesten.de\/wp-content\/uploads\/2020\/04\/Eichh\u00f6rnchen-738x1024.jpg 738w, https:\/\/www.dpsg-huesten.de\/wp-content\/uploads\/2020\/04\/Eichh\u00f6rnchen-768x1065.jpg 768w, https:\/\/www.dpsg-huesten.de\/wp-content\/uploads\/2020\/04\/Eichh\u00f6rnchen-1107x1536.jpg 1107w, https:\/\/www.dpsg-huesten.de\/wp-content\/uploads\/2020\/04\/Eichh\u00f6rnchen-1476x2048.jpg 1476w, https:\/\/www.dpsg-huesten.de\/wp-content\/uploads\/2020\/04\/Eichh\u00f6rnchen-43x60.jpg 43w, https:\/\/www.dpsg-huesten.de\/wp-content\/uploads\/2020\/04\/Eichh\u00f6rnchen-scaled.jpg 1846w\" sizes=\"(max-width: 216px) 100vw, 216px\" \/><\/a><\/h3>\n<p>&nbsp;<\/p>\n<p>&nbsp;<\/p>\n<p>&nbsp;<\/p>\n<p>&nbsp;<\/p>\n<p>&nbsp;<\/p>\n<ul>\n<li>lebt meist in und auf B\u00e4umen<\/li>\n<li>ern\u00e4hrt sich von Samen und Fr\u00fcchten<\/li>\n<\/ul>\n<\/div>\n\n\n\n<div class=\"wp-block-column is-layout-flow wp-block-column-is-layout-flow\">\n<h3>Das Reh<\/h3>\n<p><a href=\"http:\/\/www.dpsg-huesten.de\/wp-content\/uploads\/2020\/04\/Reh-scaled.jpg\"><img decoding=\"async\" class=\"alignleft size-medium wp-image-2027\" src=\"http:\/\/www.dpsg-huesten.de\/wp-content\/uploads\/2020\/04\/Reh-216x300.jpg\" alt=\"\" width=\"216\" height=\"300\" srcset=\"https:\/\/www.dpsg-huesten.de\/wp-content\/uploads\/2020\/04\/Reh-216x300.jpg 216w, https:\/\/www.dpsg-huesten.de\/wp-content\/uploads\/2020\/04\/Reh-738x1024.jpg 738w, https:\/\/www.dpsg-huesten.de\/wp-content\/uploads\/2020\/04\/Reh-768x1065.jpg 768w, https:\/\/www.dpsg-huesten.de\/wp-content\/uploads\/2020\/04\/Reh-1107x1536.jpg 1107w, https:\/\/www.dpsg-huesten.de\/wp-content\/uploads\/2020\/04\/Reh-1476x2048.jpg 1476w, https:\/\/www.dpsg-huesten.de\/wp-content\/uploads\/2020\/04\/Reh-43x60.jpg 43w, https:\/\/www.dpsg-huesten.de\/wp-content\/uploads\/2020\/04\/Reh-scaled.jpg 1846w\" sizes=\"(max-width: 216px) 100vw, 216px\" \/><\/a><\/p>\n<p>&nbsp;<\/p>\n<p>&nbsp;<\/p>\n<p>&nbsp;<\/p>\n<p>&nbsp;<\/p>\n<p>&nbsp;<\/p>\n<p>&nbsp;<\/p>\n<ul>\n<li>kleinste aller Hirscharten<\/li>\n<li>lebt am Waldrand<\/li>\n<li>Pflanzenfresser<\/li>\n<\/ul>\n<h3>Der Vogel<\/h3>\n<p><a href=\"http:\/\/www.dpsg-huesten.de\/wp-content\/uploads\/2020\/04\/Vogel-scaled.jpg\"><img decoding=\"async\" class=\"alignleft size-medium wp-image-2028\" src=\"http:\/\/www.dpsg-huesten.de\/wp-content\/uploads\/2020\/04\/Vogel-216x300.jpg\" alt=\"\" width=\"216\" height=\"300\" srcset=\"https:\/\/www.dpsg-huesten.de\/wp-content\/uploads\/2020\/04\/Vogel-216x300.jpg 216w, https:\/\/www.dpsg-huesten.de\/wp-content\/uploads\/2020\/04\/Vogel-738x1024.jpg 738w, https:\/\/www.dpsg-huesten.de\/wp-content\/uploads\/2020\/04\/Vogel-768x1065.jpg 768w, https:\/\/www.dpsg-huesten.de\/wp-content\/uploads\/2020\/04\/Vogel-1107x1536.jpg 1107w, https:\/\/www.dpsg-huesten.de\/wp-content\/uploads\/2020\/04\/Vogel-1476x2048.jpg 1476w, https:\/\/www.dpsg-huesten.de\/wp-content\/uploads\/2020\/04\/Vogel-43x60.jpg 43w, https:\/\/www.dpsg-huesten.de\/wp-content\/uploads\/2020\/04\/Vogel-scaled.jpg 1846w\" sizes=\"(max-width: 216px) 100vw, 216px\" \/><\/a><\/p>\n<p>&nbsp;<\/p>\n<p>&nbsp;<\/p>\n<p>&nbsp;<\/p>\n<p>&nbsp;<\/p>\n<p>&nbsp;<\/p>\n<p>&nbsp;<\/p>\n<ul>\n<li>kommt \u00fcberall auf der Welt vor<\/li>\n<li>viele verschiedene Arten<\/li>\n<li>stammt von den Dinosauriern ab<\/li>\n<\/ul>\n<h3>Der Fuchs<\/h3>\n<p><a href=\"http:\/\/www.dpsg-huesten.de\/wp-content\/uploads\/2020\/04\/Fuchs-scaled.jpg\"><img decoding=\"async\" class=\"alignleft size-medium wp-image-2034\" src=\"http:\/\/www.dpsg-huesten.de\/wp-content\/uploads\/2020\/04\/Fuchs-216x300.jpg\" alt=\"\" width=\"216\" height=\"300\" srcset=\"https:\/\/www.dpsg-huesten.de\/wp-content\/uploads\/2020\/04\/Fuchs-216x300.jpg 216w, https:\/\/www.dpsg-huesten.de\/wp-content\/uploads\/2020\/04\/Fuchs-738x1024.jpg 738w, https:\/\/www.dpsg-huesten.de\/wp-content\/uploads\/2020\/04\/Fuchs-768x1065.jpg 768w, https:\/\/www.dpsg-huesten.de\/wp-content\/uploads\/2020\/04\/Fuchs-1107x1536.jpg 1107w, https:\/\/www.dpsg-huesten.de\/wp-content\/uploads\/2020\/04\/Fuchs-1476x2048.jpg 1476w, https:\/\/www.dpsg-huesten.de\/wp-content\/uploads\/2020\/04\/Fuchs-43x60.jpg 43w, https:\/\/www.dpsg-huesten.de\/wp-content\/uploads\/2020\/04\/Fuchs-scaled.jpg 1846w\" sizes=\"(max-width: 216px) 100vw, 216px\" \/><\/a><\/p>\n<p>&nbsp;<\/p>\n<p>&nbsp;<\/p>\n<p>&nbsp;<\/p>\n<p>&nbsp;<\/p>\n<p>&nbsp;<\/p>\n<p>&nbsp;<\/p>\n<ul>\n<li>lebt im Wald oder am Waldesrand in selbst gegrabenen H\u00f6hlen (Bauten)<\/li>\n<li>F\u00fcchse leben in Familien und gelten untereinander als sehr sozial<\/li>\n<li>Allesfresser (M\u00e4use, W\u00fcrmer&#8230;)<\/li>\n<\/ul>\n<\/div>\n<\/div>\n\n\n<h2>Tipps und Tricks<\/h2>\n<p>TIerspuren lassen sich am besten auf leicht feuchtem Untergrund finden. Zudem sollte nach Trampelpfaden Ausschau gehalten werden. Diese werden \u00fcber die Zeit von Tieren erstellt, die diese Wege regelm\u00e4\u00dfig und h\u00e4ufig nutzen, um zum Beispiel an Wasser oder eine Futterstelle zu gelangen.<\/p>\n<p>Wenn du dann eine Tierspur gefunden hast, kannst du davon einen Gipsabdruck nehmen, um sie daheim gr\u00fcndlicher zu untersuchen oder deinen Freunden zu zeigen.<\/p>\n<p>Du brauchst daf\u00fcr:<\/p>\n<ul>\n<li>Einen alten Joghurtbecher oder \u00c4hnliches <br>(mindestens etwas gr\u00f6\u00dfer als die Spur)<\/li>\n<li>Gipspulver<\/li>\n<li>R\u00fchrsch\u00fcssel<\/li>\n<li>Wasser<\/li>\n<\/ul>\n<p>Schneide den Becher so auf, dass er keinen Boden mehr hat. Dieser bodenlose Becher dient dir dann als Gussrahmen f\u00fcr den Gips. Der Rahmen muss nicht allzu hoch sein.<\/p>\n<p>R\u00fchre nach Anleitung den Gips mit Wasser an und f\u00fclle ihn vorsichtig in den Rahmen, den du bereits um die Spur gelegt hast. Warte ein wenig, bis der Gips ausgeh\u00e4rtet ist und entnehme dann vorsichtig den fertigen Abdruck. Diesen kannst du dann daheim reinigen und wenn du m\u00f6chtest auch &#8222;ausschneiden&#8220;.<\/p>\n<p>&nbsp;<\/p>","protected":false},"excerpt":{"rendered":"<p>Du wolltest schon immer Tierspuren wie ein echter Indianer lesen k\u00f6nnen? Dann haben wir hier etwas f\u00fcr dich! Wer Tierspuren lesen kann, liest den Wald gleich ganz anders und entdeckt bis dahin Verborgenes. Wir zeigen dir hier die wichtigsten Spuren und verraten dir zudem noch ein paar Tipps. Viel Spa\u00df beim Erforschen des Waldes! \u00dcbersicht \u00fcber die wichtigsten Tierspuren Das Wildschwein &nbsp; &nbsp; &nbsp; &nbsp; &nbsp; &nbsp; Paarhufer Familie der Echten Schweine urspr\u00fcnglich Westeuropa bis S\u00fcdostasien durch Aussetzen nahezu weltweit Allesfresser sehr anpassungsf\u00e4hig Lieblingsessen von Asterix und Obelix &nbsp; Der Hase &nbsp; &nbsp; &nbsp; &nbsp; &nbsp; &nbsp; lebt meist auf &hellip; <a href=\"https:\/\/www.dpsg-huesten.de\/?page_id=1916\" class=\"more-link\"><span class=\"screen-reader-text\">Tierspuren<\/span> weiterlesen<\/a><\/p>\n","protected":false},"author":2,"featured_media":0,"parent":0,"menu_order":0,"comment_status":"closed","ping_status":"closed","template":"","meta":{"ngg_post_thumbnail":0,"footnotes":""},"_links":{"self":[{"href":"https:\/\/www.dpsg-huesten.de\/index.php?rest_route=\/wp\/v2\/pages\/1916"}],"collection":[{"href":"https:\/\/www.dpsg-huesten.de\/index.php?rest_route=\/wp\/v2\/pages"}],"about":[{"href":"https:\/\/www.dpsg-huesten.de\/index.php?rest_route=\/wp\/v2\/types\/page"}],"author":[{"embeddable":true,"href":"https:\/\/www.dpsg-huesten.de\/index.php?rest_route=\/wp\/v2\/users\/2"}],"replies":[{"embeddable":true,"href":"https:\/\/www.dpsg-huesten.de\/index.php?rest_route=%2Fwp%2Fv2%2Fcomments&post=1916"}],"version-history":[{"count":16,"href":"https:\/\/www.dpsg-huesten.de\/index.php?rest_route=\/wp\/v2\/pages\/1916\/revisions"}],"predecessor-version":[{"id":2055,"href":"https:\/\/www.dpsg-huesten.de\/index.php?rest_route=\/wp\/v2\/pages\/1916\/revisions\/2055"}],"wp:attachment":[{"href":"https:\/\/www.dpsg-huesten.de\/index.php?rest_route=%2Fwp%2Fv2%2Fmedia&parent=1916"}],"curies":[{"name":"wp","href":"https:\/\/api.w.org\/{rel}","templated":true}]}}