{"id":2,"date":"2012-02-28T13:40:55","date_gmt":"2012-02-28T13:40:55","guid":{"rendered":"http:\/\/jahebu.he-hosting.de\/dpsg-huesten\/?page_id=2"},"modified":"2023-11-19T23:37:08","modified_gmt":"2023-11-19T22:37:08","slug":"beispiel-seite","status":"publish","type":"page","link":"https:\/\/www.dpsg-huesten.de\/?page_id=2","title":{"rendered":"\u00dcber uns"},"content":{"rendered":"<p>Wir sind der Pfadfinderstamm St. Ludgerus H\u00fcsten und geh\u00f6ren dem Pfadfinderverband DPSG an. Derzeit sind wir ein bunter Haufen aus etwa 80 Kindern, Jugendlichen und LeiterInnen. Letztere sind bei uns deutlich in der Unterzahl und suchen daher noch etwas Verst\u00e4rkung, um gegen die Rasselbanden anzukommen.<\/p>\n<p><a href=\"http:\/\/www.dpsg-huesten.de\/?page_id=972\">Ihr wollt unsere Leiterrunde unterst\u00fctzen? Klasse, Infos findet ihr hier!<\/a><\/p>\n<p>Die Rasselbanden bestehen aus den vier Altersstufen, die im siebten Lebensjahr beginnen und bis zum 21. gehen. \u00a0Danach ist man, wenn man m\u00f6chte, Leiter oder Leiterin.<\/p>\n<p><a href=\"http:\/\/www.dpsg-huesten.de\/?page_id=5\">N\u00e4here Infos zu unseren vier Altersstufen und wann sie sich jeweils treffen, findet ihr hier. <\/a><\/p>\n<p>Unser Verband DPSG, Deutsche Pfadfinderschaft Sankt Georg, ist Teil der weltweiten Pfadfinderbewegung, die mit ihren fast 50 Millionen Mitgliedern eine der gr\u00f6\u00dften Jugendbewegungen ist. Die DPSG lebt grunds\u00e4tzlich den christlich-katholischen Glauben, ist aber anderen Konfessionen oder Religionen offen. Der Gedanke des friedlichen Zusammenlebens steht bei uns im Vordergrund.<\/p>\n<p><a href=\"https:\/\/dpsg.de\/de\/startseite.html\" target=\"_blank\" rel=\"noopener noreferrer\">Hier gelangt ihr auf die Seite unseres Verbandes DPSG.<\/a><\/p>\n<p>Wir PfadfinderInnen in H\u00fcsten geh\u00f6ren zur Pfarrei St. Petri H\u00fcsten und nutzen dort Pastors Garten und den Jugendkeller im Petrushaus, Kirchplatz 4. So oft es geht sind wir drau\u00dfen und entdecken spielerisch unsere Welt und die Gemeinschaft. Auch lernen wir sehr viel \u00fcber die Natur, \u00fcber uns selbst und wie Demokratie funktioniert. Mitbestimmung ist sehr wichtig bei uns. Ohne Gemeinschaft funktioniert bei uns gar nichts! Wir schaffen vieles. Das aber auch nur, weil wir als Gruppe zusammenhalten!<\/p>\n<p><a href=\"http:\/\/www.dpsg-huesten.de\/?page_id=1562\">Hier zeigen wir euch, wie unsere Demokratie\u00a0 so aussieht!<\/a><\/p>\n<p>Unser Lernen beruht in jedem Fall auf dem Grundsatz \u201eLernen durch Erfahrung\u201c. Wir erlauben uns, Fehler zu machen und wissen, dass wir aus diesen lernen k\u00f6nnen.<\/p>\n<p>Neben unseren w\u00f6chentlichen Gruppenstunden unternehmen wir gemeinsame Zeltlager und Wanderungen oder \u00fcbernachten zusammen mit unserer Stufe im Garten oder im Keller. Dann sitzen wir gemeinsam am Lagerfeuer, grillen, machen Quatsch oder veranstalten Film-Abende.<\/p>\n<p><a href=\"http:\/\/www.dpsg-huesten.de\/?page_id=338\"> Hier berichten wir euch von unseren vielen Aktionen, Lagern und Fahrten.<\/a><\/p>\n<p>Die \u00c4lteren fahren auch ins Sommerlager, das sie weitestgehend selbst organisieren. Auch das Geld m\u00fcssen sie dann auftreiben.<\/p>\n<p>Ihr wollt noch mehr dar\u00fcber erfahren, wie das Pfadfinden in der DPSG aussieht? Was unsere Gesetze sind, wie unsere P\u00e4dagogik gelebt wird und wie wir eine gute Betreuung der Kinder gew\u00e4hrleisten k\u00f6nnen? Dann schaut doch einfach mal hier vorbei:<\/p>\n<p><a href=\"http:\/\/www.dpsg-huesten.de\/?page_id=72\">Pfadfinden in der DPSG<\/a><\/p>\n<p>Weitere Infos:<\/p>\n<p><a href=\"http:\/\/www.dpsg-huesten.de\/?page_id=48\">Unsere Leiterrunde<\/a><\/p>\n<p><a href=\"http:\/\/www.dpsg-huesten.de\/?page_id=5\">Unsere Gruppen<\/a><\/p>\n<p><a href=\"http:\/\/www.dpsg-huesten.de\/?page_id=1553\">Was macht bei uns im Stamm eigentlich wer?<\/a><\/p>\n","protected":false},"excerpt":{"rendered":"<p>Wir sind der Pfadfinderstamm St. Ludgerus H\u00fcsten und geh\u00f6ren dem Pfadfinderverband DPSG an. Derzeit sind wir ein bunter Haufen aus etwa 80 Kindern, Jugendlichen und LeiterInnen. Letztere sind bei uns deutlich in der Unterzahl und suchen daher noch etwas Verst\u00e4rkung, &hellip; <a href=\"https:\/\/www.dpsg-huesten.de\/?page_id=2\" class=\"more-link\"><span class=\"screen-reader-text\">\u00dcber uns<\/span> weiterlesen<\/a><\/p>\n","protected":false},"author":1,"featured_media":2245,"parent":0,"menu_order":0,"comment_status":"open","ping_status":"open","template":"","meta":{"ngg_post_thumbnail":0,"footnotes":""},"_links":{"self":[{"href":"https:\/\/www.dpsg-huesten.de\/index.php?rest_route=\/wp\/v2\/pages\/2"}],"collection":[{"href":"https:\/\/www.dpsg-huesten.de\/index.php?rest_route=\/wp\/v2\/pages"}],"about":[{"href":"https:\/\/www.dpsg-huesten.de\/index.php?rest_route=\/wp\/v2\/types\/page"}],"author":[{"embeddable":true,"href":"https:\/\/www.dpsg-huesten.de\/index.php?rest_route=\/wp\/v2\/users\/1"}],"replies":[{"embeddable":true,"href":"https:\/\/www.dpsg-huesten.de\/index.php?rest_route=%2Fwp%2Fv2%2Fcomments&post=2"}],"version-history":[{"count":22,"href":"https:\/\/www.dpsg-huesten.de\/index.php?rest_route=\/wp\/v2\/pages\/2\/revisions"}],"predecessor-version":[{"id":2533,"href":"https:\/\/www.dpsg-huesten.de\/index.php?rest_route=\/wp\/v2\/pages\/2\/revisions\/2533"}],"wp:featuredmedia":[{"embeddable":true,"href":"https:\/\/www.dpsg-huesten.de\/index.php?rest_route=\/wp\/v2\/media\/2245"}],"wp:attachment":[{"href":"https:\/\/www.dpsg-huesten.de\/index.php?rest_route=%2Fwp%2Fv2%2Fmedia&parent=2"}],"curies":[{"name":"wp","href":"https:\/\/api.w.org\/{rel}","templated":true}]}}