{"id":2260,"date":"2020-04-18T16:56:28","date_gmt":"2020-04-18T14:56:28","guid":{"rendered":"http:\/\/www.dpsg-huesten.de\/?page_id=2260"},"modified":"2020-04-18T16:59:01","modified_gmt":"2020-04-18T14:59:01","slug":"zooorange-der-woelflinge","status":"publish","type":"page","link":"https:\/\/www.dpsg-huesten.de\/?page_id=2260","title":{"rendered":"Zooorange der W\u00f6lflinge"},"content":{"rendered":"\n<p>Was f\u00fcr ein spannender und toller Tag f\u00fcr unsere W\u00f6lflinge! Wir durften heute an der Expedition Zooorange teilnehmen, die der DV Paderborn f\u00fcr alle W\u00f6lflinge ausrichtete. Im Allwetterzoo M\u00fcnster durften die W\u00f6lflinge knifflige und abwechslungsreiche Aufgaben l\u00f6sen, um ihr Maskottchen W\u00f6lfi zu heilen, das an akuter Energielosigkeit litt. Mittlerweile sind wir gl\u00fccklich aber ersch\u00f6pft auf dem Heimweg.<\/p>\n\n\n\n<!-- default-view.php -->\n<div\n\tclass=\"ngg-galleryoverview default-view \n\t\t\"\n\tid=\"ngg-gallery-aa70e0e324c4ed1fd23df79683bae171-1\">\n\n\t\t<!-- Thumbnails -->\n\t\t\t\t<div id=\"ngg-image-0\" class=\"ngg-gallery-thumbnail-box \n\t\t\t\t\t\t\t\tngg-8-columns\t\t\t\" \n\t\t\t>\n\t\t\t\t\t\t<div class=\"ngg-gallery-thumbnail\">\n\t\t\t<a href=\"https:\/\/www.dpsg-huesten.de\/wp-content\/gallery\/zooorange\/60797655_10156343010176588_4590242049877344256_o.jpg\"\n\t\t\t\ttitle=\"\"\n\t\t\t\tdata-src=\"https:\/\/www.dpsg-huesten.de\/wp-content\/gallery\/zooorange\/60797655_10156343010176588_4590242049877344256_o.jpg\"\n\t\t\t\tdata-thumbnail=\"https:\/\/www.dpsg-huesten.de\/wp-content\/gallery\/zooorange\/thumbs\/thumbs_60797655_10156343010176588_4590242049877344256_o.jpg\"\n\t\t\t\tdata-image-id=\"245\"\n\t\t\t\tdata-title=\"60797655_10156343010176588_4590242049877344256_o\"\n\t\t\t\tdata-description=\"\"\n\t\t\t\tdata-image-slug=\"60797655_10156343010176588_4590242049877344256_o\"\n\t\t\t\tclass=\"ngg-simplelightbox\" rel=\"aa70e0e324c4ed1fd23df79683bae171\">\n\t\t\t\t<img\n\t\t\t\t\ttitle=\"60797655_10156343010176588_4590242049877344256_o\"\n\t\t\t\t\talt=\"60797655_10156343010176588_4590242049877344256_o\"\n\t\t\t\t\tsrc=\"https:\/\/www.dpsg-huesten.de\/wp-content\/gallery\/zooorange\/thumbs\/thumbs_60797655_10156343010176588_4590242049877344256_o.jpg\"\n\t\t\t\t\twidth=\"240\"\n\t\t\t\t\theight=\"160\"\n\t\t\t\t\tstyle=\"max-width:100%;\"\n\t\t\t\t\/>\n\t\t\t<\/a>\n\t\t<\/div>\n\t\t\t\t\t\t\t<\/div> \n\t\t\t\n\t\t\t\t<div id=\"ngg-image-1\" class=\"ngg-gallery-thumbnail-box \n\t\t\t\t\t\t\t\tngg-8-columns\t\t\t\" \n\t\t\t>\n\t\t\t\t\t\t<div class=\"ngg-gallery-thumbnail\">\n\t\t\t<a href=\"https:\/\/www.dpsg-huesten.de\/wp-content\/gallery\/zooorange\/60470840_10156343010271588_2232647772828336128_o.jpg\"\n\t\t\t\ttitle=\"\"\n\t\t\t\tdata-src=\"https:\/\/www.dpsg-huesten.de\/wp-content\/gallery\/zooorange\/60470840_10156343010271588_2232647772828336128_o.jpg\"\n\t\t\t\tdata-thumbnail=\"https:\/\/www.dpsg-huesten.de\/wp-content\/gallery\/zooorange\/thumbs\/thumbs_60470840_10156343010271588_2232647772828336128_o.jpg\"\n\t\t\t\tdata-image-id=\"243\"\n\t\t\t\tdata-title=\"60470840_10156343010271588_2232647772828336128_o\"\n\t\t\t\tdata-description=\"\"\n\t\t\t\tdata-image-slug=\"60470840_10156343010271588_2232647772828336128_o\"\n\t\t\t\tclass=\"ngg-simplelightbox\" rel=\"aa70e0e324c4ed1fd23df79683bae171\">\n\t\t\t\t<img\n\t\t\t\t\ttitle=\"60470840_10156343010271588_2232647772828336128_o\"\n\t\t\t\t\talt=\"60470840_10156343010271588_2232647772828336128_o\"\n\t\t\t\t\tsrc=\"https:\/\/www.dpsg-huesten.de\/wp-content\/gallery\/zooorange\/thumbs\/thumbs_60470840_10156343010271588_2232647772828336128_o.jpg\"\n\t\t\t\t\twidth=\"240\"\n\t\t\t\t\theight=\"160\"\n\t\t\t\t\tstyle=\"max-width:100%;\"\n\t\t\t\t\/>\n\t\t\t<\/a>\n\t\t<\/div>\n\t\t\t\t\t\t\t<\/div> \n\t\t\t\n\t\t\t\t<div id=\"ngg-image-2\" class=\"ngg-gallery-thumbnail-box \n\t\t\t\t\t\t\t\tngg-8-columns\t\t\t\" \n\t\t\t>\n\t\t\t\t\t\t<div class=\"ngg-gallery-thumbnail\">\n\t\t\t<a href=\"https:\/\/www.dpsg-huesten.de\/wp-content\/gallery\/zooorange\/MG_5967.jpg\"\n\t\t\t\ttitle=\"\"\n\t\t\t\tdata-src=\"https:\/\/www.dpsg-huesten.de\/wp-content\/gallery\/zooorange\/MG_5967.jpg\"\n\t\t\t\tdata-thumbnail=\"https:\/\/www.dpsg-huesten.de\/wp-content\/gallery\/zooorange\/thumbs\/thumbs_MG_5967.jpg\"\n\t\t\t\tdata-image-id=\"225\"\n\t\t\t\tdata-title=\"MG_5967\"\n\t\t\t\tdata-description=\"\"\n\t\t\t\tdata-image-slug=\"mg_5967\"\n\t\t\t\tclass=\"ngg-simplelightbox\" rel=\"aa70e0e324c4ed1fd23df79683bae171\">\n\t\t\t\t<img\n\t\t\t\t\ttitle=\"MG_5967\"\n\t\t\t\t\talt=\"MG_5967\"\n\t\t\t\t\tsrc=\"https:\/\/www.dpsg-huesten.de\/wp-content\/gallery\/zooorange\/thumbs\/thumbs_MG_5967.jpg\"\n\t\t\t\t\twidth=\"240\"\n\t\t\t\t\theight=\"160\"\n\t\t\t\t\tstyle=\"max-width:100%;\"\n\t\t\t\t\/>\n\t\t\t<\/a>\n\t\t<\/div>\n\t\t\t\t\t\t\t<\/div> \n\t\t\t\n\t\t\t\t<div id=\"ngg-image-3\" class=\"ngg-gallery-thumbnail-box \n\t\t\t\t\t\t\t\tngg-8-columns\t\t\t\" \n\t\t\t>\n\t\t\t\t\t\t<div class=\"ngg-gallery-thumbnail\">\n\t\t\t<a href=\"https:\/\/www.dpsg-huesten.de\/wp-content\/gallery\/zooorange\/60710016_10156343010436588_8880864612795285504_o.jpg\"\n\t\t\t\ttitle=\"\"\n\t\t\t\tdata-src=\"https:\/\/www.dpsg-huesten.de\/wp-content\/gallery\/zooorange\/60710016_10156343010436588_8880864612795285504_o.jpg\"\n\t\t\t\tdata-thumbnail=\"https:\/\/www.dpsg-huesten.de\/wp-content\/gallery\/zooorange\/thumbs\/thumbs_60710016_10156343010436588_8880864612795285504_o.jpg\"\n\t\t\t\tdata-image-id=\"244\"\n\t\t\t\tdata-title=\"60710016_10156343010436588_8880864612795285504_o\"\n\t\t\t\tdata-description=\"\"\n\t\t\t\tdata-image-slug=\"60710016_10156343010436588_8880864612795285504_o\"\n\t\t\t\tclass=\"ngg-simplelightbox\" rel=\"aa70e0e324c4ed1fd23df79683bae171\">\n\t\t\t\t<img\n\t\t\t\t\ttitle=\"60710016_10156343010436588_8880864612795285504_o\"\n\t\t\t\t\talt=\"60710016_10156343010436588_8880864612795285504_o\"\n\t\t\t\t\tsrc=\"https:\/\/www.dpsg-huesten.de\/wp-content\/gallery\/zooorange\/thumbs\/thumbs_60710016_10156343010436588_8880864612795285504_o.jpg\"\n\t\t\t\t\twidth=\"240\"\n\t\t\t\t\theight=\"160\"\n\t\t\t\t\tstyle=\"max-width:100%;\"\n\t\t\t\t\/>\n\t\t\t<\/a>\n\t\t<\/div>\n\t\t\t\t\t\t\t<\/div> \n\t\t\t\n\t\t\t\t<div id=\"ngg-image-4\" class=\"ngg-gallery-thumbnail-box \n\t\t\t\t\t\t\t\tngg-8-columns\t\t\t\" \n\t\t\t>\n\t\t\t\t\t\t<div class=\"ngg-gallery-thumbnail\">\n\t\t\t<a href=\"https:\/\/www.dpsg-huesten.de\/wp-content\/gallery\/zooorange\/MG_5972.jpg\"\n\t\t\t\ttitle=\"\"\n\t\t\t\tdata-src=\"https:\/\/www.dpsg-huesten.de\/wp-content\/gallery\/zooorange\/MG_5972.jpg\"\n\t\t\t\tdata-thumbnail=\"https:\/\/www.dpsg-huesten.de\/wp-content\/gallery\/zooorange\/thumbs\/thumbs_MG_5972.jpg\"\n\t\t\t\tdata-image-id=\"226\"\n\t\t\t\tdata-title=\"MG_5972\"\n\t\t\t\tdata-description=\"\"\n\t\t\t\tdata-image-slug=\"mg_5972\"\n\t\t\t\tclass=\"ngg-simplelightbox\" rel=\"aa70e0e324c4ed1fd23df79683bae171\">\n\t\t\t\t<img\n\t\t\t\t\ttitle=\"MG_5972\"\n\t\t\t\t\talt=\"MG_5972\"\n\t\t\t\t\tsrc=\"https:\/\/www.dpsg-huesten.de\/wp-content\/gallery\/zooorange\/thumbs\/thumbs_MG_5972.jpg\"\n\t\t\t\t\twidth=\"240\"\n\t\t\t\t\theight=\"160\"\n\t\t\t\t\tstyle=\"max-width:100%;\"\n\t\t\t\t\/>\n\t\t\t<\/a>\n\t\t<\/div>\n\t\t\t\t\t\t\t<\/div> \n\t\t\t\n\t\t\t\t<div id=\"ngg-image-5\" class=\"ngg-gallery-thumbnail-box \n\t\t\t\t\t\t\t\tngg-8-columns\t\t\t\" \n\t\t\t>\n\t\t\t\t\t\t<div class=\"ngg-gallery-thumbnail\">\n\t\t\t<a href=\"https:\/\/www.dpsg-huesten.de\/wp-content\/gallery\/zooorange\/MG_5980.jpg\"\n\t\t\t\ttitle=\"\"\n\t\t\t\tdata-src=\"https:\/\/www.dpsg-huesten.de\/wp-content\/gallery\/zooorange\/MG_5980.jpg\"\n\t\t\t\tdata-thumbnail=\"https:\/\/www.dpsg-huesten.de\/wp-content\/gallery\/zooorange\/thumbs\/thumbs_MG_5980.jpg\"\n\t\t\t\tdata-image-id=\"227\"\n\t\t\t\tdata-title=\"MG_5980\"\n\t\t\t\tdata-description=\"\"\n\t\t\t\tdata-image-slug=\"mg_5980\"\n\t\t\t\tclass=\"ngg-simplelightbox\" rel=\"aa70e0e324c4ed1fd23df79683bae171\">\n\t\t\t\t<img\n\t\t\t\t\ttitle=\"MG_5980\"\n\t\t\t\t\talt=\"MG_5980\"\n\t\t\t\t\tsrc=\"https:\/\/www.dpsg-huesten.de\/wp-content\/gallery\/zooorange\/thumbs\/thumbs_MG_5980.jpg\"\n\t\t\t\t\twidth=\"240\"\n\t\t\t\t\theight=\"160\"\n\t\t\t\t\tstyle=\"max-width:100%;\"\n\t\t\t\t\/>\n\t\t\t<\/a>\n\t\t<\/div>\n\t\t\t\t\t\t\t<\/div> \n\t\t\t\n\t\t\t\t<div id=\"ngg-image-6\" class=\"ngg-gallery-thumbnail-box \n\t\t\t\t\t\t\t\tngg-8-columns\t\t\t\" \n\t\t\t>\n\t\t\t\t\t\t<div class=\"ngg-gallery-thumbnail\">\n\t\t\t<a href=\"https:\/\/www.dpsg-huesten.de\/wp-content\/gallery\/zooorange\/MG_5991.jpg\"\n\t\t\t\ttitle=\"\"\n\t\t\t\tdata-src=\"https:\/\/www.dpsg-huesten.de\/wp-content\/gallery\/zooorange\/MG_5991.jpg\"\n\t\t\t\tdata-thumbnail=\"https:\/\/www.dpsg-huesten.de\/wp-content\/gallery\/zooorange\/thumbs\/thumbs_MG_5991.jpg\"\n\t\t\t\tdata-image-id=\"228\"\n\t\t\t\tdata-title=\"MG_5991\"\n\t\t\t\tdata-description=\"\"\n\t\t\t\tdata-image-slug=\"mg_5991\"\n\t\t\t\tclass=\"ngg-simplelightbox\" rel=\"aa70e0e324c4ed1fd23df79683bae171\">\n\t\t\t\t<img\n\t\t\t\t\ttitle=\"MG_5991\"\n\t\t\t\t\talt=\"MG_5991\"\n\t\t\t\t\tsrc=\"https:\/\/www.dpsg-huesten.de\/wp-content\/gallery\/zooorange\/thumbs\/thumbs_MG_5991.jpg\"\n\t\t\t\t\twidth=\"240\"\n\t\t\t\t\theight=\"160\"\n\t\t\t\t\tstyle=\"max-width:100%;\"\n\t\t\t\t\/>\n\t\t\t<\/a>\n\t\t<\/div>\n\t\t\t\t\t\t\t<\/div> \n\t\t\t\n\t\t\t\t<div id=\"ngg-image-7\" class=\"ngg-gallery-thumbnail-box \n\t\t\t\t\t\t\t\tngg-8-columns\t\t\t\" \n\t\t\t>\n\t\t\t\t\t\t<div class=\"ngg-gallery-thumbnail\">\n\t\t\t<a href=\"https:\/\/www.dpsg-huesten.de\/wp-content\/gallery\/zooorange\/MG_5994.jpg\"\n\t\t\t\ttitle=\"\"\n\t\t\t\tdata-src=\"https:\/\/www.dpsg-huesten.de\/wp-content\/gallery\/zooorange\/MG_5994.jpg\"\n\t\t\t\tdata-thumbnail=\"https:\/\/www.dpsg-huesten.de\/wp-content\/gallery\/zooorange\/thumbs\/thumbs_MG_5994.jpg\"\n\t\t\t\tdata-image-id=\"229\"\n\t\t\t\tdata-title=\"MG_5994\"\n\t\t\t\tdata-description=\"\"\n\t\t\t\tdata-image-slug=\"mg_5994\"\n\t\t\t\tclass=\"ngg-simplelightbox\" rel=\"aa70e0e324c4ed1fd23df79683bae171\">\n\t\t\t\t<img\n\t\t\t\t\ttitle=\"MG_5994\"\n\t\t\t\t\talt=\"MG_5994\"\n\t\t\t\t\tsrc=\"https:\/\/www.dpsg-huesten.de\/wp-content\/gallery\/zooorange\/thumbs\/thumbs_MG_5994.jpg\"\n\t\t\t\t\twidth=\"240\"\n\t\t\t\t\theight=\"160\"\n\t\t\t\t\tstyle=\"max-width:100%;\"\n\t\t\t\t\/>\n\t\t\t<\/a>\n\t\t<\/div>\n\t\t\t\t\t\t\t<\/div> \n\t\t\t\n\t\t\t\t<div id=\"ngg-image-8\" class=\"ngg-gallery-thumbnail-box \n\t\t\t\t\t\t\t\tngg-8-columns\t\t\t\" \n\t\t\t>\n\t\t\t\t\t\t<div class=\"ngg-gallery-thumbnail\">\n\t\t\t<a href=\"https:\/\/www.dpsg-huesten.de\/wp-content\/gallery\/zooorange\/MG_5996.jpg\"\n\t\t\t\ttitle=\"\"\n\t\t\t\tdata-src=\"https:\/\/www.dpsg-huesten.de\/wp-content\/gallery\/zooorange\/MG_5996.jpg\"\n\t\t\t\tdata-thumbnail=\"https:\/\/www.dpsg-huesten.de\/wp-content\/gallery\/zooorange\/thumbs\/thumbs_MG_5996.jpg\"\n\t\t\t\tdata-image-id=\"230\"\n\t\t\t\tdata-title=\"MG_5996\"\n\t\t\t\tdata-description=\"\"\n\t\t\t\tdata-image-slug=\"mg_5996\"\n\t\t\t\tclass=\"ngg-simplelightbox\" rel=\"aa70e0e324c4ed1fd23df79683bae171\">\n\t\t\t\t<img\n\t\t\t\t\ttitle=\"MG_5996\"\n\t\t\t\t\talt=\"MG_5996\"\n\t\t\t\t\tsrc=\"https:\/\/www.dpsg-huesten.de\/wp-content\/gallery\/zooorange\/thumbs\/thumbs_MG_5996.jpg\"\n\t\t\t\t\twidth=\"240\"\n\t\t\t\t\theight=\"160\"\n\t\t\t\t\tstyle=\"max-width:100%;\"\n\t\t\t\t\/>\n\t\t\t<\/a>\n\t\t<\/div>\n\t\t\t\t\t\t\t<\/div> \n\t\t\t\n\t\t\t\t<div id=\"ngg-image-9\" class=\"ngg-gallery-thumbnail-box \n\t\t\t\t\t\t\t\tngg-8-columns\t\t\t\" \n\t\t\t>\n\t\t\t\t\t\t<div class=\"ngg-gallery-thumbnail\">\n\t\t\t<a href=\"https:\/\/www.dpsg-huesten.de\/wp-content\/gallery\/zooorange\/MG_6011.jpg\"\n\t\t\t\ttitle=\"\"\n\t\t\t\tdata-src=\"https:\/\/www.dpsg-huesten.de\/wp-content\/gallery\/zooorange\/MG_6011.jpg\"\n\t\t\t\tdata-thumbnail=\"https:\/\/www.dpsg-huesten.de\/wp-content\/gallery\/zooorange\/thumbs\/thumbs_MG_6011.jpg\"\n\t\t\t\tdata-image-id=\"231\"\n\t\t\t\tdata-title=\"MG_6011\"\n\t\t\t\tdata-description=\"\"\n\t\t\t\tdata-image-slug=\"mg_6011\"\n\t\t\t\tclass=\"ngg-simplelightbox\" rel=\"aa70e0e324c4ed1fd23df79683bae171\">\n\t\t\t\t<img\n\t\t\t\t\ttitle=\"MG_6011\"\n\t\t\t\t\talt=\"MG_6011\"\n\t\t\t\t\tsrc=\"https:\/\/www.dpsg-huesten.de\/wp-content\/gallery\/zooorange\/thumbs\/thumbs_MG_6011.jpg\"\n\t\t\t\t\twidth=\"240\"\n\t\t\t\t\theight=\"160\"\n\t\t\t\t\tstyle=\"max-width:100%;\"\n\t\t\t\t\/>\n\t\t\t<\/a>\n\t\t<\/div>\n\t\t\t\t\t\t\t<\/div> \n\t\t\t\n\t\t\t\t<div id=\"ngg-image-10\" class=\"ngg-gallery-thumbnail-box \n\t\t\t\t\t\t\t\tngg-8-columns\t\t\t\" \n\t\t\t>\n\t\t\t\t\t\t<div class=\"ngg-gallery-thumbnail\">\n\t\t\t<a href=\"https:\/\/www.dpsg-huesten.de\/wp-content\/gallery\/zooorange\/MG_6032.jpg\"\n\t\t\t\ttitle=\"\"\n\t\t\t\tdata-src=\"https:\/\/www.dpsg-huesten.de\/wp-content\/gallery\/zooorange\/MG_6032.jpg\"\n\t\t\t\tdata-thumbnail=\"https:\/\/www.dpsg-huesten.de\/wp-content\/gallery\/zooorange\/thumbs\/thumbs_MG_6032.jpg\"\n\t\t\t\tdata-image-id=\"232\"\n\t\t\t\tdata-title=\"MG_6032\"\n\t\t\t\tdata-description=\"\"\n\t\t\t\tdata-image-slug=\"mg_6032\"\n\t\t\t\tclass=\"ngg-simplelightbox\" rel=\"aa70e0e324c4ed1fd23df79683bae171\">\n\t\t\t\t<img\n\t\t\t\t\ttitle=\"MG_6032\"\n\t\t\t\t\talt=\"MG_6032\"\n\t\t\t\t\tsrc=\"https:\/\/www.dpsg-huesten.de\/wp-content\/gallery\/zooorange\/thumbs\/thumbs_MG_6032.jpg\"\n\t\t\t\t\twidth=\"240\"\n\t\t\t\t\theight=\"160\"\n\t\t\t\t\tstyle=\"max-width:100%;\"\n\t\t\t\t\/>\n\t\t\t<\/a>\n\t\t<\/div>\n\t\t\t\t\t\t\t<\/div> \n\t\t\t\n\t\t\t\t<div id=\"ngg-image-11\" class=\"ngg-gallery-thumbnail-box \n\t\t\t\t\t\t\t\tngg-8-columns\t\t\t\" \n\t\t\t>\n\t\t\t\t\t\t<div class=\"ngg-gallery-thumbnail\">\n\t\t\t<a href=\"https:\/\/www.dpsg-huesten.de\/wp-content\/gallery\/zooorange\/MG_6043.jpg\"\n\t\t\t\ttitle=\"\"\n\t\t\t\tdata-src=\"https:\/\/www.dpsg-huesten.de\/wp-content\/gallery\/zooorange\/MG_6043.jpg\"\n\t\t\t\tdata-thumbnail=\"https:\/\/www.dpsg-huesten.de\/wp-content\/gallery\/zooorange\/thumbs\/thumbs_MG_6043.jpg\"\n\t\t\t\tdata-image-id=\"233\"\n\t\t\t\tdata-title=\"MG_6043\"\n\t\t\t\tdata-description=\"\"\n\t\t\t\tdata-image-slug=\"mg_6043\"\n\t\t\t\tclass=\"ngg-simplelightbox\" rel=\"aa70e0e324c4ed1fd23df79683bae171\">\n\t\t\t\t<img\n\t\t\t\t\ttitle=\"MG_6043\"\n\t\t\t\t\talt=\"MG_6043\"\n\t\t\t\t\tsrc=\"https:\/\/www.dpsg-huesten.de\/wp-content\/gallery\/zooorange\/thumbs\/thumbs_MG_6043.jpg\"\n\t\t\t\t\twidth=\"240\"\n\t\t\t\t\theight=\"160\"\n\t\t\t\t\tstyle=\"max-width:100%;\"\n\t\t\t\t\/>\n\t\t\t<\/a>\n\t\t<\/div>\n\t\t\t\t\t\t\t<\/div> \n\t\t\t\n\t\t\t\t<div id=\"ngg-image-12\" class=\"ngg-gallery-thumbnail-box \n\t\t\t\t\t\t\t\tngg-8-columns\t\t\t\" \n\t\t\t>\n\t\t\t\t\t\t<div class=\"ngg-gallery-thumbnail\">\n\t\t\t<a href=\"https:\/\/www.dpsg-huesten.de\/wp-content\/gallery\/zooorange\/MG_6072.jpg\"\n\t\t\t\ttitle=\"\"\n\t\t\t\tdata-src=\"https:\/\/www.dpsg-huesten.de\/wp-content\/gallery\/zooorange\/MG_6072.jpg\"\n\t\t\t\tdata-thumbnail=\"https:\/\/www.dpsg-huesten.de\/wp-content\/gallery\/zooorange\/thumbs\/thumbs_MG_6072.jpg\"\n\t\t\t\tdata-image-id=\"234\"\n\t\t\t\tdata-title=\"MG_6072\"\n\t\t\t\tdata-description=\"\"\n\t\t\t\tdata-image-slug=\"mg_6072\"\n\t\t\t\tclass=\"ngg-simplelightbox\" rel=\"aa70e0e324c4ed1fd23df79683bae171\">\n\t\t\t\t<img\n\t\t\t\t\ttitle=\"MG_6072\"\n\t\t\t\t\talt=\"MG_6072\"\n\t\t\t\t\tsrc=\"https:\/\/www.dpsg-huesten.de\/wp-content\/gallery\/zooorange\/thumbs\/thumbs_MG_6072.jpg\"\n\t\t\t\t\twidth=\"240\"\n\t\t\t\t\theight=\"160\"\n\t\t\t\t\tstyle=\"max-width:100%;\"\n\t\t\t\t\/>\n\t\t\t<\/a>\n\t\t<\/div>\n\t\t\t\t\t\t\t<\/div> \n\t\t\t\n\t\t\t\t<div id=\"ngg-image-13\" class=\"ngg-gallery-thumbnail-box \n\t\t\t\t\t\t\t\tngg-8-columns\t\t\t\" \n\t\t\t>\n\t\t\t\t\t\t<div class=\"ngg-gallery-thumbnail\">\n\t\t\t<a href=\"https:\/\/www.dpsg-huesten.de\/wp-content\/gallery\/zooorange\/MG_6082.jpg\"\n\t\t\t\ttitle=\"\"\n\t\t\t\tdata-src=\"https:\/\/www.dpsg-huesten.de\/wp-content\/gallery\/zooorange\/MG_6082.jpg\"\n\t\t\t\tdata-thumbnail=\"https:\/\/www.dpsg-huesten.de\/wp-content\/gallery\/zooorange\/thumbs\/thumbs_MG_6082.jpg\"\n\t\t\t\tdata-image-id=\"235\"\n\t\t\t\tdata-title=\"MG_6082\"\n\t\t\t\tdata-description=\"\"\n\t\t\t\tdata-image-slug=\"mg_6082\"\n\t\t\t\tclass=\"ngg-simplelightbox\" rel=\"aa70e0e324c4ed1fd23df79683bae171\">\n\t\t\t\t<img\n\t\t\t\t\ttitle=\"MG_6082\"\n\t\t\t\t\talt=\"MG_6082\"\n\t\t\t\t\tsrc=\"https:\/\/www.dpsg-huesten.de\/wp-content\/gallery\/zooorange\/thumbs\/thumbs_MG_6082.jpg\"\n\t\t\t\t\twidth=\"240\"\n\t\t\t\t\theight=\"160\"\n\t\t\t\t\tstyle=\"max-width:100%;\"\n\t\t\t\t\/>\n\t\t\t<\/a>\n\t\t<\/div>\n\t\t\t\t\t\t\t<\/div> \n\t\t\t\n\t\t\t\t<div id=\"ngg-image-14\" class=\"ngg-gallery-thumbnail-box \n\t\t\t\t\t\t\t\tngg-8-columns\t\t\t\" \n\t\t\t>\n\t\t\t\t\t\t<div class=\"ngg-gallery-thumbnail\">\n\t\t\t<a href=\"https:\/\/www.dpsg-huesten.de\/wp-content\/gallery\/zooorange\/MG_6090.jpg\"\n\t\t\t\ttitle=\"\"\n\t\t\t\tdata-src=\"https:\/\/www.dpsg-huesten.de\/wp-content\/gallery\/zooorange\/MG_6090.jpg\"\n\t\t\t\tdata-thumbnail=\"https:\/\/www.dpsg-huesten.de\/wp-content\/gallery\/zooorange\/thumbs\/thumbs_MG_6090.jpg\"\n\t\t\t\tdata-image-id=\"236\"\n\t\t\t\tdata-title=\"MG_6090\"\n\t\t\t\tdata-description=\"\"\n\t\t\t\tdata-image-slug=\"mg_6090\"\n\t\t\t\tclass=\"ngg-simplelightbox\" rel=\"aa70e0e324c4ed1fd23df79683bae171\">\n\t\t\t\t<img\n\t\t\t\t\ttitle=\"MG_6090\"\n\t\t\t\t\talt=\"MG_6090\"\n\t\t\t\t\tsrc=\"https:\/\/www.dpsg-huesten.de\/wp-content\/gallery\/zooorange\/thumbs\/thumbs_MG_6090.jpg\"\n\t\t\t\t\twidth=\"240\"\n\t\t\t\t\theight=\"160\"\n\t\t\t\t\tstyle=\"max-width:100%;\"\n\t\t\t\t\/>\n\t\t\t<\/a>\n\t\t<\/div>\n\t\t\t\t\t\t\t<\/div> \n\t\t\t\n\t\t\t\t<div id=\"ngg-image-15\" class=\"ngg-gallery-thumbnail-box \n\t\t\t\t\t\t\t\tngg-8-columns\t\t\t\" \n\t\t\t>\n\t\t\t\t\t\t<div class=\"ngg-gallery-thumbnail\">\n\t\t\t<a href=\"https:\/\/www.dpsg-huesten.de\/wp-content\/gallery\/zooorange\/MG_6104.jpg\"\n\t\t\t\ttitle=\"\"\n\t\t\t\tdata-src=\"https:\/\/www.dpsg-huesten.de\/wp-content\/gallery\/zooorange\/MG_6104.jpg\"\n\t\t\t\tdata-thumbnail=\"https:\/\/www.dpsg-huesten.de\/wp-content\/gallery\/zooorange\/thumbs\/thumbs_MG_6104.jpg\"\n\t\t\t\tdata-image-id=\"237\"\n\t\t\t\tdata-title=\"MG_6104\"\n\t\t\t\tdata-description=\"\"\n\t\t\t\tdata-image-slug=\"mg_6104\"\n\t\t\t\tclass=\"ngg-simplelightbox\" rel=\"aa70e0e324c4ed1fd23df79683bae171\">\n\t\t\t\t<img\n\t\t\t\t\ttitle=\"MG_6104\"\n\t\t\t\t\talt=\"MG_6104\"\n\t\t\t\t\tsrc=\"https:\/\/www.dpsg-huesten.de\/wp-content\/gallery\/zooorange\/thumbs\/thumbs_MG_6104.jpg\"\n\t\t\t\t\twidth=\"240\"\n\t\t\t\t\theight=\"160\"\n\t\t\t\t\tstyle=\"max-width:100%;\"\n\t\t\t\t\/>\n\t\t\t<\/a>\n\t\t<\/div>\n\t\t\t\t\t\t\t<\/div> \n\t\t\t\n\t\t\t\t<div id=\"ngg-image-16\" class=\"ngg-gallery-thumbnail-box \n\t\t\t\t\t\t\t\tngg-8-columns\t\t\t\" \n\t\t\t>\n\t\t\t\t\t\t<div class=\"ngg-gallery-thumbnail\">\n\t\t\t<a href=\"https:\/\/www.dpsg-huesten.de\/wp-content\/gallery\/zooorange\/MG_6120.jpg\"\n\t\t\t\ttitle=\"\"\n\t\t\t\tdata-src=\"https:\/\/www.dpsg-huesten.de\/wp-content\/gallery\/zooorange\/MG_6120.jpg\"\n\t\t\t\tdata-thumbnail=\"https:\/\/www.dpsg-huesten.de\/wp-content\/gallery\/zooorange\/thumbs\/thumbs_MG_6120.jpg\"\n\t\t\t\tdata-image-id=\"238\"\n\t\t\t\tdata-title=\"MG_6120\"\n\t\t\t\tdata-description=\"\"\n\t\t\t\tdata-image-slug=\"mg_6120\"\n\t\t\t\tclass=\"ngg-simplelightbox\" rel=\"aa70e0e324c4ed1fd23df79683bae171\">\n\t\t\t\t<img\n\t\t\t\t\ttitle=\"MG_6120\"\n\t\t\t\t\talt=\"MG_6120\"\n\t\t\t\t\tsrc=\"https:\/\/www.dpsg-huesten.de\/wp-content\/gallery\/zooorange\/thumbs\/thumbs_MG_6120.jpg\"\n\t\t\t\t\twidth=\"240\"\n\t\t\t\t\theight=\"160\"\n\t\t\t\t\tstyle=\"max-width:100%;\"\n\t\t\t\t\/>\n\t\t\t<\/a>\n\t\t<\/div>\n\t\t\t\t\t\t\t<\/div> \n\t\t\t\n\t\t\t\t<div id=\"ngg-image-17\" class=\"ngg-gallery-thumbnail-box \n\t\t\t\t\t\t\t\tngg-8-columns\t\t\t\" \n\t\t\t>\n\t\t\t\t\t\t<div class=\"ngg-gallery-thumbnail\">\n\t\t\t<a href=\"https:\/\/www.dpsg-huesten.de\/wp-content\/gallery\/zooorange\/MG_6166.jpg\"\n\t\t\t\ttitle=\"\"\n\t\t\t\tdata-src=\"https:\/\/www.dpsg-huesten.de\/wp-content\/gallery\/zooorange\/MG_6166.jpg\"\n\t\t\t\tdata-thumbnail=\"https:\/\/www.dpsg-huesten.de\/wp-content\/gallery\/zooorange\/thumbs\/thumbs_MG_6166.jpg\"\n\t\t\t\tdata-image-id=\"239\"\n\t\t\t\tdata-title=\"MG_6166\"\n\t\t\t\tdata-description=\"\"\n\t\t\t\tdata-image-slug=\"mg_6166\"\n\t\t\t\tclass=\"ngg-simplelightbox\" rel=\"aa70e0e324c4ed1fd23df79683bae171\">\n\t\t\t\t<img\n\t\t\t\t\ttitle=\"MG_6166\"\n\t\t\t\t\talt=\"MG_6166\"\n\t\t\t\t\tsrc=\"https:\/\/www.dpsg-huesten.de\/wp-content\/gallery\/zooorange\/thumbs\/thumbs_MG_6166.jpg\"\n\t\t\t\t\twidth=\"240\"\n\t\t\t\t\theight=\"160\"\n\t\t\t\t\tstyle=\"max-width:100%;\"\n\t\t\t\t\/>\n\t\t\t<\/a>\n\t\t<\/div>\n\t\t\t\t\t\t\t<\/div> \n\t\t\t\n\t\t\t\t<div id=\"ngg-image-18\" class=\"ngg-gallery-thumbnail-box \n\t\t\t\t\t\t\t\tngg-8-columns\t\t\t\" \n\t\t\t>\n\t\t\t\t\t\t<div class=\"ngg-gallery-thumbnail\">\n\t\t\t<a href=\"https:\/\/www.dpsg-huesten.de\/wp-content\/gallery\/zooorange\/MG_6177.jpg\"\n\t\t\t\ttitle=\"\"\n\t\t\t\tdata-src=\"https:\/\/www.dpsg-huesten.de\/wp-content\/gallery\/zooorange\/MG_6177.jpg\"\n\t\t\t\tdata-thumbnail=\"https:\/\/www.dpsg-huesten.de\/wp-content\/gallery\/zooorange\/thumbs\/thumbs_MG_6177.jpg\"\n\t\t\t\tdata-image-id=\"240\"\n\t\t\t\tdata-title=\"MG_6177\"\n\t\t\t\tdata-description=\"\"\n\t\t\t\tdata-image-slug=\"mg_6177\"\n\t\t\t\tclass=\"ngg-simplelightbox\" rel=\"aa70e0e324c4ed1fd23df79683bae171\">\n\t\t\t\t<img\n\t\t\t\t\ttitle=\"MG_6177\"\n\t\t\t\t\talt=\"MG_6177\"\n\t\t\t\t\tsrc=\"https:\/\/www.dpsg-huesten.de\/wp-content\/gallery\/zooorange\/thumbs\/thumbs_MG_6177.jpg\"\n\t\t\t\t\twidth=\"240\"\n\t\t\t\t\theight=\"160\"\n\t\t\t\t\tstyle=\"max-width:100%;\"\n\t\t\t\t\/>\n\t\t\t<\/a>\n\t\t<\/div>\n\t\t\t\t\t\t\t<\/div> \n\t\t\t\n\t\t\t\t<div id=\"ngg-image-19\" class=\"ngg-gallery-thumbnail-box \n\t\t\t\t\t\t\t\tngg-8-columns\t\t\t\" \n\t\t\t>\n\t\t\t\t\t\t<div class=\"ngg-gallery-thumbnail\">\n\t\t\t<a href=\"https:\/\/www.dpsg-huesten.de\/wp-content\/gallery\/zooorange\/MG_6199.jpg\"\n\t\t\t\ttitle=\"\"\n\t\t\t\tdata-src=\"https:\/\/www.dpsg-huesten.de\/wp-content\/gallery\/zooorange\/MG_6199.jpg\"\n\t\t\t\tdata-thumbnail=\"https:\/\/www.dpsg-huesten.de\/wp-content\/gallery\/zooorange\/thumbs\/thumbs_MG_6199.jpg\"\n\t\t\t\tdata-image-id=\"241\"\n\t\t\t\tdata-title=\"MG_6199\"\n\t\t\t\tdata-description=\"\"\n\t\t\t\tdata-image-slug=\"mg_6199\"\n\t\t\t\tclass=\"ngg-simplelightbox\" rel=\"aa70e0e324c4ed1fd23df79683bae171\">\n\t\t\t\t<img\n\t\t\t\t\ttitle=\"MG_6199\"\n\t\t\t\t\talt=\"MG_6199\"\n\t\t\t\t\tsrc=\"https:\/\/www.dpsg-huesten.de\/wp-content\/gallery\/zooorange\/thumbs\/thumbs_MG_6199.jpg\"\n\t\t\t\t\twidth=\"240\"\n\t\t\t\t\theight=\"160\"\n\t\t\t\t\tstyle=\"max-width:100%;\"\n\t\t\t\t\/>\n\t\t\t<\/a>\n\t\t<\/div>\n\t\t\t\t\t\t\t<\/div> \n\t\t\t\n\t\t\t\t<div id=\"ngg-image-20\" class=\"ngg-gallery-thumbnail-box \n\t\t\t\t\t\t\t\tngg-8-columns\t\t\t\" \n\t\t\t>\n\t\t\t\t\t\t<div class=\"ngg-gallery-thumbnail\">\n\t\t\t<a href=\"https:\/\/www.dpsg-huesten.de\/wp-content\/gallery\/zooorange\/60435324_10156343010551588_5031297335334797312_o.jpg\"\n\t\t\t\ttitle=\"\"\n\t\t\t\tdata-src=\"https:\/\/www.dpsg-huesten.de\/wp-content\/gallery\/zooorange\/60435324_10156343010551588_5031297335334797312_o.jpg\"\n\t\t\t\tdata-thumbnail=\"https:\/\/www.dpsg-huesten.de\/wp-content\/gallery\/zooorange\/thumbs\/thumbs_60435324_10156343010551588_5031297335334797312_o.jpg\"\n\t\t\t\tdata-image-id=\"242\"\n\t\t\t\tdata-title=\"60435324_10156343010551588_5031297335334797312_o\"\n\t\t\t\tdata-description=\"\"\n\t\t\t\tdata-image-slug=\"60435324_10156343010551588_5031297335334797312_o\"\n\t\t\t\tclass=\"ngg-simplelightbox\" rel=\"aa70e0e324c4ed1fd23df79683bae171\">\n\t\t\t\t<img\n\t\t\t\t\ttitle=\"60435324_10156343010551588_5031297335334797312_o\"\n\t\t\t\t\talt=\"60435324_10156343010551588_5031297335334797312_o\"\n\t\t\t\t\tsrc=\"https:\/\/www.dpsg-huesten.de\/wp-content\/gallery\/zooorange\/thumbs\/thumbs_60435324_10156343010551588_5031297335334797312_o.jpg\"\n\t\t\t\t\twidth=\"240\"\n\t\t\t\t\theight=\"160\"\n\t\t\t\t\tstyle=\"max-width:100%;\"\n\t\t\t\t\/>\n\t\t\t<\/a>\n\t\t<\/div>\n\t\t\t\t\t\t\t<\/div> \n\t\t\t\n\t\t\t\t<div id=\"ngg-image-21\" class=\"ngg-gallery-thumbnail-box \n\t\t\t\t\t\t\t\tngg-8-columns\t\t\t\" \n\t\t\t>\n\t\t\t\t\t\t<div class=\"ngg-gallery-thumbnail\">\n\t\t\t<a href=\"https:\/\/www.dpsg-huesten.de\/wp-content\/gallery\/zooorange\/60876952_10156343010711588_4720027028030488576_o.jpg\"\n\t\t\t\ttitle=\"\"\n\t\t\t\tdata-src=\"https:\/\/www.dpsg-huesten.de\/wp-content\/gallery\/zooorange\/60876952_10156343010711588_4720027028030488576_o.jpg\"\n\t\t\t\tdata-thumbnail=\"https:\/\/www.dpsg-huesten.de\/wp-content\/gallery\/zooorange\/thumbs\/thumbs_60876952_10156343010711588_4720027028030488576_o.jpg\"\n\t\t\t\tdata-image-id=\"246\"\n\t\t\t\tdata-title=\"60876952_10156343010711588_4720027028030488576_o\"\n\t\t\t\tdata-description=\"\"\n\t\t\t\tdata-image-slug=\"60876952_10156343010711588_4720027028030488576_o\"\n\t\t\t\tclass=\"ngg-simplelightbox\" rel=\"aa70e0e324c4ed1fd23df79683bae171\">\n\t\t\t\t<img\n\t\t\t\t\ttitle=\"60876952_10156343010711588_4720027028030488576_o\"\n\t\t\t\t\talt=\"60876952_10156343010711588_4720027028030488576_o\"\n\t\t\t\t\tsrc=\"https:\/\/www.dpsg-huesten.de\/wp-content\/gallery\/zooorange\/thumbs\/thumbs_60876952_10156343010711588_4720027028030488576_o.jpg\"\n\t\t\t\t\twidth=\"240\"\n\t\t\t\t\theight=\"160\"\n\t\t\t\t\tstyle=\"max-width:100%;\"\n\t\t\t\t\/>\n\t\t\t<\/a>\n\t\t<\/div>\n\t\t\t\t\t\t\t<\/div> \n\t\t\t\n\t\n\t<br style=\"clear: both\" \/>\n\n\t\n\t\t<!-- Pagination -->\n\t\t<div class='ngg-clear'><\/div>\t<\/div>\n\n","protected":false},"excerpt":{"rendered":"<p>Was f\u00fcr ein spannender und toller Tag f\u00fcr unsere W\u00f6lflinge! Wir durften heute an der Expedition Zooorange teilnehmen, die der DV Paderborn f\u00fcr alle W\u00f6lflinge ausrichtete. Im Allwetterzoo M\u00fcnster durften die W\u00f6lflinge knifflige und abwechslungsreiche Aufgaben l\u00f6sen, um ihr Maskottchen &hellip; <a href=\"https:\/\/www.dpsg-huesten.de\/?page_id=2260\" class=\"more-link\"><span class=\"screen-reader-text\">Zooorange der W\u00f6lflinge<\/span> weiterlesen<\/a><\/p>\n","protected":false},"author":2,"featured_media":2284,"parent":0,"menu_order":0,"comment_status":"closed","ping_status":"closed","template":"","meta":{"ngg_post_thumbnail":0,"footnotes":""},"_links":{"self":[{"href":"https:\/\/www.dpsg-huesten.de\/index.php?rest_route=\/wp\/v2\/pages\/2260"}],"collection":[{"href":"https:\/\/www.dpsg-huesten.de\/index.php?rest_route=\/wp\/v2\/pages"}],"about":[{"href":"https:\/\/www.dpsg-huesten.de\/index.php?rest_route=\/wp\/v2\/types\/page"}],"author":[{"embeddable":true,"href":"https:\/\/www.dpsg-huesten.de\/index.php?rest_route=\/wp\/v2\/users\/2"}],"replies":[{"embeddable":true,"href":"https:\/\/www.dpsg-huesten.de\/index.php?rest_route=%2Fwp%2Fv2%2Fcomments&post=2260"}],"version-history":[{"count":2,"href":"https:\/\/www.dpsg-huesten.de\/index.php?rest_route=\/wp\/v2\/pages\/2260\/revisions"}],"predecessor-version":[{"id":2286,"href":"https:\/\/www.dpsg-huesten.de\/index.php?rest_route=\/wp\/v2\/pages\/2260\/revisions\/2286"}],"wp:featuredmedia":[{"embeddable":true,"href":"https:\/\/www.dpsg-huesten.de\/index.php?rest_route=\/wp\/v2\/media\/2284"}],"wp:attachment":[{"href":"https:\/\/www.dpsg-huesten.de\/index.php?rest_route=%2Fwp%2Fv2%2Fmedia&parent=2260"}],"curies":[{"name":"wp","href":"https:\/\/api.w.org\/{rel}","templated":true}]}}