{"id":2449,"date":"2020-04-21T21:57:39","date_gmt":"2020-04-21T19:57:39","guid":{"rendered":"http:\/\/www.dpsg-huesten.de\/?page_id=2449"},"modified":"2020-04-21T21:57:40","modified_gmt":"2020-04-21T19:57:40","slug":"pfingsten-in-westernohe","status":"publish","type":"page","link":"https:\/\/www.dpsg-huesten.de\/?page_id=2449","title":{"rendered":"Pfingsten in Westernohe"},"content":{"rendered":"\n<p>Dieses Pfingstlager &#8211; nat\u00fcrlich wieder in Westernohe &#8211; stand unter keinem Motto. Aber auch ohne dies hatten wir eine Menge Spa\u00df und durften sch\u00f6ne, klassisch-chaotische Tage verbringen. Denn ohne Chaos geht es bei uns einfach nicht!<\/p>\n\n\n\n<!-- default-view.php -->\n<div\n\tclass=\"ngg-galleryoverview default-view \n\t\t\"\n\tid=\"ngg-gallery-796b239e8bdec453d273d0a85fa27581-1\">\n\n\t\t<!-- Thumbnails -->\n\t\t\t\t<div id=\"ngg-image-0\" class=\"ngg-gallery-thumbnail-box \n\t\t\t\t\t\t\t\tngg-8-columns\t\t\t\" \n\t\t\t>\n\t\t\t\t\t\t<div class=\"ngg-gallery-thumbnail\">\n\t\t\t<a href=\"https:\/\/www.dpsg-huesten.de\/wp-content\/gallery\/pfingsten-in-westernohe-2017\/MG_9597.jpg\"\n\t\t\t\ttitle=\"\"\n\t\t\t\tdata-src=\"https:\/\/www.dpsg-huesten.de\/wp-content\/gallery\/pfingsten-in-westernohe-2017\/MG_9597.jpg\"\n\t\t\t\tdata-thumbnail=\"https:\/\/www.dpsg-huesten.de\/wp-content\/gallery\/pfingsten-in-westernohe-2017\/thumbs\/thumbs_MG_9597.jpg\"\n\t\t\t\tdata-image-id=\"351\"\n\t\t\t\tdata-title=\"MG_9597\"\n\t\t\t\tdata-description=\"\"\n\t\t\t\tdata-image-slug=\"mg_9597\"\n\t\t\t\tclass=\"ngg-simplelightbox\" rel=\"796b239e8bdec453d273d0a85fa27581\">\n\t\t\t\t<img\n\t\t\t\t\ttitle=\"MG_9597\"\n\t\t\t\t\talt=\"MG_9597\"\n\t\t\t\t\tsrc=\"https:\/\/www.dpsg-huesten.de\/wp-content\/gallery\/pfingsten-in-westernohe-2017\/thumbs\/thumbs_MG_9597.jpg\"\n\t\t\t\t\twidth=\"240\"\n\t\t\t\t\theight=\"160\"\n\t\t\t\t\tstyle=\"max-width:100%;\"\n\t\t\t\t\/>\n\t\t\t<\/a>\n\t\t<\/div>\n\t\t\t\t\t\t\t<\/div> \n\t\t\t\n\t\t\t\t<div id=\"ngg-image-1\" class=\"ngg-gallery-thumbnail-box \n\t\t\t\t\t\t\t\tngg-8-columns\t\t\t\" \n\t\t\t>\n\t\t\t\t\t\t<div class=\"ngg-gallery-thumbnail\">\n\t\t\t<a href=\"https:\/\/www.dpsg-huesten.de\/wp-content\/gallery\/pfingsten-in-westernohe-2017\/MG_9603_01.jpg\"\n\t\t\t\ttitle=\"\"\n\t\t\t\tdata-src=\"https:\/\/www.dpsg-huesten.de\/wp-content\/gallery\/pfingsten-in-westernohe-2017\/MG_9603_01.jpg\"\n\t\t\t\tdata-thumbnail=\"https:\/\/www.dpsg-huesten.de\/wp-content\/gallery\/pfingsten-in-westernohe-2017\/thumbs\/thumbs_MG_9603_01.jpg\"\n\t\t\t\tdata-image-id=\"352\"\n\t\t\t\tdata-title=\"MG_9603_01\"\n\t\t\t\tdata-description=\"\"\n\t\t\t\tdata-image-slug=\"mg_9603_01\"\n\t\t\t\tclass=\"ngg-simplelightbox\" rel=\"796b239e8bdec453d273d0a85fa27581\">\n\t\t\t\t<img\n\t\t\t\t\ttitle=\"MG_9603_01\"\n\t\t\t\t\talt=\"MG_9603_01\"\n\t\t\t\t\tsrc=\"https:\/\/www.dpsg-huesten.de\/wp-content\/gallery\/pfingsten-in-westernohe-2017\/thumbs\/thumbs_MG_9603_01.jpg\"\n\t\t\t\t\twidth=\"240\"\n\t\t\t\t\theight=\"160\"\n\t\t\t\t\tstyle=\"max-width:100%;\"\n\t\t\t\t\/>\n\t\t\t<\/a>\n\t\t<\/div>\n\t\t\t\t\t\t\t<\/div> \n\t\t\t\n\t\t\t\t<div id=\"ngg-image-2\" class=\"ngg-gallery-thumbnail-box \n\t\t\t\t\t\t\t\tngg-8-columns\t\t\t\" \n\t\t\t>\n\t\t\t\t\t\t<div class=\"ngg-gallery-thumbnail\">\n\t\t\t<a href=\"https:\/\/www.dpsg-huesten.de\/wp-content\/gallery\/pfingsten-in-westernohe-2017\/MG_9610.jpg\"\n\t\t\t\ttitle=\"\"\n\t\t\t\tdata-src=\"https:\/\/www.dpsg-huesten.de\/wp-content\/gallery\/pfingsten-in-westernohe-2017\/MG_9610.jpg\"\n\t\t\t\tdata-thumbnail=\"https:\/\/www.dpsg-huesten.de\/wp-content\/gallery\/pfingsten-in-westernohe-2017\/thumbs\/thumbs_MG_9610.jpg\"\n\t\t\t\tdata-image-id=\"353\"\n\t\t\t\tdata-title=\"MG_9610\"\n\t\t\t\tdata-description=\"\"\n\t\t\t\tdata-image-slug=\"mg_9610\"\n\t\t\t\tclass=\"ngg-simplelightbox\" rel=\"796b239e8bdec453d273d0a85fa27581\">\n\t\t\t\t<img\n\t\t\t\t\ttitle=\"MG_9610\"\n\t\t\t\t\talt=\"MG_9610\"\n\t\t\t\t\tsrc=\"https:\/\/www.dpsg-huesten.de\/wp-content\/gallery\/pfingsten-in-westernohe-2017\/thumbs\/thumbs_MG_9610.jpg\"\n\t\t\t\t\twidth=\"240\"\n\t\t\t\t\theight=\"160\"\n\t\t\t\t\tstyle=\"max-width:100%;\"\n\t\t\t\t\/>\n\t\t\t<\/a>\n\t\t<\/div>\n\t\t\t\t\t\t\t<\/div> \n\t\t\t\n\t\t\t\t<div id=\"ngg-image-3\" class=\"ngg-gallery-thumbnail-box \n\t\t\t\t\t\t\t\tngg-8-columns\t\t\t\" \n\t\t\t>\n\t\t\t\t\t\t<div class=\"ngg-gallery-thumbnail\">\n\t\t\t<a href=\"https:\/\/www.dpsg-huesten.de\/wp-content\/gallery\/pfingsten-in-westernohe-2017\/MG_9616.jpg\"\n\t\t\t\ttitle=\"\"\n\t\t\t\tdata-src=\"https:\/\/www.dpsg-huesten.de\/wp-content\/gallery\/pfingsten-in-westernohe-2017\/MG_9616.jpg\"\n\t\t\t\tdata-thumbnail=\"https:\/\/www.dpsg-huesten.de\/wp-content\/gallery\/pfingsten-in-westernohe-2017\/thumbs\/thumbs_MG_9616.jpg\"\n\t\t\t\tdata-image-id=\"354\"\n\t\t\t\tdata-title=\"MG_9616\"\n\t\t\t\tdata-description=\"\"\n\t\t\t\tdata-image-slug=\"mg_9616\"\n\t\t\t\tclass=\"ngg-simplelightbox\" rel=\"796b239e8bdec453d273d0a85fa27581\">\n\t\t\t\t<img\n\t\t\t\t\ttitle=\"MG_9616\"\n\t\t\t\t\talt=\"MG_9616\"\n\t\t\t\t\tsrc=\"https:\/\/www.dpsg-huesten.de\/wp-content\/gallery\/pfingsten-in-westernohe-2017\/thumbs\/thumbs_MG_9616.jpg\"\n\t\t\t\t\twidth=\"240\"\n\t\t\t\t\theight=\"160\"\n\t\t\t\t\tstyle=\"max-width:100%;\"\n\t\t\t\t\/>\n\t\t\t<\/a>\n\t\t<\/div>\n\t\t\t\t\t\t\t<\/div> \n\t\t\t\n\t\t\t\t<div id=\"ngg-image-4\" class=\"ngg-gallery-thumbnail-box \n\t\t\t\t\t\t\t\tngg-8-columns\t\t\t\" \n\t\t\t>\n\t\t\t\t\t\t<div class=\"ngg-gallery-thumbnail\">\n\t\t\t<a href=\"https:\/\/www.dpsg-huesten.de\/wp-content\/gallery\/pfingsten-in-westernohe-2017\/MG_9643.jpg\"\n\t\t\t\ttitle=\"\"\n\t\t\t\tdata-src=\"https:\/\/www.dpsg-huesten.de\/wp-content\/gallery\/pfingsten-in-westernohe-2017\/MG_9643.jpg\"\n\t\t\t\tdata-thumbnail=\"https:\/\/www.dpsg-huesten.de\/wp-content\/gallery\/pfingsten-in-westernohe-2017\/thumbs\/thumbs_MG_9643.jpg\"\n\t\t\t\tdata-image-id=\"355\"\n\t\t\t\tdata-title=\"MG_9643\"\n\t\t\t\tdata-description=\"\"\n\t\t\t\tdata-image-slug=\"mg_9643\"\n\t\t\t\tclass=\"ngg-simplelightbox\" rel=\"796b239e8bdec453d273d0a85fa27581\">\n\t\t\t\t<img\n\t\t\t\t\ttitle=\"MG_9643\"\n\t\t\t\t\talt=\"MG_9643\"\n\t\t\t\t\tsrc=\"https:\/\/www.dpsg-huesten.de\/wp-content\/gallery\/pfingsten-in-westernohe-2017\/thumbs\/thumbs_MG_9643.jpg\"\n\t\t\t\t\twidth=\"240\"\n\t\t\t\t\theight=\"160\"\n\t\t\t\t\tstyle=\"max-width:100%;\"\n\t\t\t\t\/>\n\t\t\t<\/a>\n\t\t<\/div>\n\t\t\t\t\t\t\t<\/div> \n\t\t\t\n\t\t\t\t<div id=\"ngg-image-5\" class=\"ngg-gallery-thumbnail-box \n\t\t\t\t\t\t\t\tngg-8-columns\t\t\t\" \n\t\t\t>\n\t\t\t\t\t\t<div class=\"ngg-gallery-thumbnail\">\n\t\t\t<a href=\"https:\/\/www.dpsg-huesten.de\/wp-content\/gallery\/pfingsten-in-westernohe-2017\/MG_9648.jpg\"\n\t\t\t\ttitle=\"\"\n\t\t\t\tdata-src=\"https:\/\/www.dpsg-huesten.de\/wp-content\/gallery\/pfingsten-in-westernohe-2017\/MG_9648.jpg\"\n\t\t\t\tdata-thumbnail=\"https:\/\/www.dpsg-huesten.de\/wp-content\/gallery\/pfingsten-in-westernohe-2017\/thumbs\/thumbs_MG_9648.jpg\"\n\t\t\t\tdata-image-id=\"356\"\n\t\t\t\tdata-title=\"MG_9648\"\n\t\t\t\tdata-description=\"\"\n\t\t\t\tdata-image-slug=\"mg_9648\"\n\t\t\t\tclass=\"ngg-simplelightbox\" rel=\"796b239e8bdec453d273d0a85fa27581\">\n\t\t\t\t<img\n\t\t\t\t\ttitle=\"MG_9648\"\n\t\t\t\t\talt=\"MG_9648\"\n\t\t\t\t\tsrc=\"https:\/\/www.dpsg-huesten.de\/wp-content\/gallery\/pfingsten-in-westernohe-2017\/thumbs\/thumbs_MG_9648.jpg\"\n\t\t\t\t\twidth=\"240\"\n\t\t\t\t\theight=\"160\"\n\t\t\t\t\tstyle=\"max-width:100%;\"\n\t\t\t\t\/>\n\t\t\t<\/a>\n\t\t<\/div>\n\t\t\t\t\t\t\t<\/div> \n\t\t\t\n\t\t\t\t<div id=\"ngg-image-6\" class=\"ngg-gallery-thumbnail-box \n\t\t\t\t\t\t\t\tngg-8-columns\t\t\t\" \n\t\t\t>\n\t\t\t\t\t\t<div class=\"ngg-gallery-thumbnail\">\n\t\t\t<a href=\"https:\/\/www.dpsg-huesten.de\/wp-content\/gallery\/pfingsten-in-westernohe-2017\/MG_9688.jpg\"\n\t\t\t\ttitle=\"\"\n\t\t\t\tdata-src=\"https:\/\/www.dpsg-huesten.de\/wp-content\/gallery\/pfingsten-in-westernohe-2017\/MG_9688.jpg\"\n\t\t\t\tdata-thumbnail=\"https:\/\/www.dpsg-huesten.de\/wp-content\/gallery\/pfingsten-in-westernohe-2017\/thumbs\/thumbs_MG_9688.jpg\"\n\t\t\t\tdata-image-id=\"357\"\n\t\t\t\tdata-title=\"MG_9688\"\n\t\t\t\tdata-description=\"\"\n\t\t\t\tdata-image-slug=\"mg_9688\"\n\t\t\t\tclass=\"ngg-simplelightbox\" rel=\"796b239e8bdec453d273d0a85fa27581\">\n\t\t\t\t<img\n\t\t\t\t\ttitle=\"MG_9688\"\n\t\t\t\t\talt=\"MG_9688\"\n\t\t\t\t\tsrc=\"https:\/\/www.dpsg-huesten.de\/wp-content\/gallery\/pfingsten-in-westernohe-2017\/thumbs\/thumbs_MG_9688.jpg\"\n\t\t\t\t\twidth=\"240\"\n\t\t\t\t\theight=\"160\"\n\t\t\t\t\tstyle=\"max-width:100%;\"\n\t\t\t\t\/>\n\t\t\t<\/a>\n\t\t<\/div>\n\t\t\t\t\t\t\t<\/div> \n\t\t\t\n\t\t\t\t<div id=\"ngg-image-7\" class=\"ngg-gallery-thumbnail-box \n\t\t\t\t\t\t\t\tngg-8-columns\t\t\t\" \n\t\t\t>\n\t\t\t\t\t\t<div class=\"ngg-gallery-thumbnail\">\n\t\t\t<a href=\"https:\/\/www.dpsg-huesten.de\/wp-content\/gallery\/pfingsten-in-westernohe-2017\/MG_9715.jpg\"\n\t\t\t\ttitle=\"\"\n\t\t\t\tdata-src=\"https:\/\/www.dpsg-huesten.de\/wp-content\/gallery\/pfingsten-in-westernohe-2017\/MG_9715.jpg\"\n\t\t\t\tdata-thumbnail=\"https:\/\/www.dpsg-huesten.de\/wp-content\/gallery\/pfingsten-in-westernohe-2017\/thumbs\/thumbs_MG_9715.jpg\"\n\t\t\t\tdata-image-id=\"358\"\n\t\t\t\tdata-title=\"MG_9715\"\n\t\t\t\tdata-description=\"\"\n\t\t\t\tdata-image-slug=\"mg_9715\"\n\t\t\t\tclass=\"ngg-simplelightbox\" rel=\"796b239e8bdec453d273d0a85fa27581\">\n\t\t\t\t<img\n\t\t\t\t\ttitle=\"MG_9715\"\n\t\t\t\t\talt=\"MG_9715\"\n\t\t\t\t\tsrc=\"https:\/\/www.dpsg-huesten.de\/wp-content\/gallery\/pfingsten-in-westernohe-2017\/thumbs\/thumbs_MG_9715.jpg\"\n\t\t\t\t\twidth=\"240\"\n\t\t\t\t\theight=\"160\"\n\t\t\t\t\tstyle=\"max-width:100%;\"\n\t\t\t\t\/>\n\t\t\t<\/a>\n\t\t<\/div>\n\t\t\t\t\t\t\t<\/div> \n\t\t\t\n\t\t\t\t<div id=\"ngg-image-8\" class=\"ngg-gallery-thumbnail-box \n\t\t\t\t\t\t\t\tngg-8-columns\t\t\t\" \n\t\t\t>\n\t\t\t\t\t\t<div class=\"ngg-gallery-thumbnail\">\n\t\t\t<a href=\"https:\/\/www.dpsg-huesten.de\/wp-content\/gallery\/pfingsten-in-westernohe-2017\/MG_9763_01.jpg\"\n\t\t\t\ttitle=\"\"\n\t\t\t\tdata-src=\"https:\/\/www.dpsg-huesten.de\/wp-content\/gallery\/pfingsten-in-westernohe-2017\/MG_9763_01.jpg\"\n\t\t\t\tdata-thumbnail=\"https:\/\/www.dpsg-huesten.de\/wp-content\/gallery\/pfingsten-in-westernohe-2017\/thumbs\/thumbs_MG_9763_01.jpg\"\n\t\t\t\tdata-image-id=\"359\"\n\t\t\t\tdata-title=\"MG_9763_01\"\n\t\t\t\tdata-description=\"\"\n\t\t\t\tdata-image-slug=\"mg_9763_01\"\n\t\t\t\tclass=\"ngg-simplelightbox\" rel=\"796b239e8bdec453d273d0a85fa27581\">\n\t\t\t\t<img\n\t\t\t\t\ttitle=\"MG_9763_01\"\n\t\t\t\t\talt=\"MG_9763_01\"\n\t\t\t\t\tsrc=\"https:\/\/www.dpsg-huesten.de\/wp-content\/gallery\/pfingsten-in-westernohe-2017\/thumbs\/thumbs_MG_9763_01.jpg\"\n\t\t\t\t\twidth=\"240\"\n\t\t\t\t\theight=\"160\"\n\t\t\t\t\tstyle=\"max-width:100%;\"\n\t\t\t\t\/>\n\t\t\t<\/a>\n\t\t<\/div>\n\t\t\t\t\t\t\t<\/div> \n\t\t\t\n\t\t\t\t<div id=\"ngg-image-9\" class=\"ngg-gallery-thumbnail-box \n\t\t\t\t\t\t\t\tngg-8-columns\t\t\t\" \n\t\t\t>\n\t\t\t\t\t\t<div class=\"ngg-gallery-thumbnail\">\n\t\t\t<a href=\"https:\/\/www.dpsg-huesten.de\/wp-content\/gallery\/pfingsten-in-westernohe-2017\/MG_9775.jpg\"\n\t\t\t\ttitle=\"\"\n\t\t\t\tdata-src=\"https:\/\/www.dpsg-huesten.de\/wp-content\/gallery\/pfingsten-in-westernohe-2017\/MG_9775.jpg\"\n\t\t\t\tdata-thumbnail=\"https:\/\/www.dpsg-huesten.de\/wp-content\/gallery\/pfingsten-in-westernohe-2017\/thumbs\/thumbs_MG_9775.jpg\"\n\t\t\t\tdata-image-id=\"360\"\n\t\t\t\tdata-title=\"MG_9775\"\n\t\t\t\tdata-description=\"\"\n\t\t\t\tdata-image-slug=\"mg_9775\"\n\t\t\t\tclass=\"ngg-simplelightbox\" rel=\"796b239e8bdec453d273d0a85fa27581\">\n\t\t\t\t<img\n\t\t\t\t\ttitle=\"MG_9775\"\n\t\t\t\t\talt=\"MG_9775\"\n\t\t\t\t\tsrc=\"https:\/\/www.dpsg-huesten.de\/wp-content\/gallery\/pfingsten-in-westernohe-2017\/thumbs\/thumbs_MG_9775.jpg\"\n\t\t\t\t\twidth=\"240\"\n\t\t\t\t\theight=\"160\"\n\t\t\t\t\tstyle=\"max-width:100%;\"\n\t\t\t\t\/>\n\t\t\t<\/a>\n\t\t<\/div>\n\t\t\t\t\t\t\t<\/div> \n\t\t\t\n\t\t\t\t<div id=\"ngg-image-10\" class=\"ngg-gallery-thumbnail-box \n\t\t\t\t\t\t\t\tngg-8-columns\t\t\t\" \n\t\t\t>\n\t\t\t\t\t\t<div class=\"ngg-gallery-thumbnail\">\n\t\t\t<a href=\"https:\/\/www.dpsg-huesten.de\/wp-content\/gallery\/pfingsten-in-westernohe-2017\/MG_9797.jpg\"\n\t\t\t\ttitle=\"\"\n\t\t\t\tdata-src=\"https:\/\/www.dpsg-huesten.de\/wp-content\/gallery\/pfingsten-in-westernohe-2017\/MG_9797.jpg\"\n\t\t\t\tdata-thumbnail=\"https:\/\/www.dpsg-huesten.de\/wp-content\/gallery\/pfingsten-in-westernohe-2017\/thumbs\/thumbs_MG_9797.jpg\"\n\t\t\t\tdata-image-id=\"361\"\n\t\t\t\tdata-title=\"MG_9797\"\n\t\t\t\tdata-description=\"\"\n\t\t\t\tdata-image-slug=\"mg_9797\"\n\t\t\t\tclass=\"ngg-simplelightbox\" rel=\"796b239e8bdec453d273d0a85fa27581\">\n\t\t\t\t<img\n\t\t\t\t\ttitle=\"MG_9797\"\n\t\t\t\t\talt=\"MG_9797\"\n\t\t\t\t\tsrc=\"https:\/\/www.dpsg-huesten.de\/wp-content\/gallery\/pfingsten-in-westernohe-2017\/thumbs\/thumbs_MG_9797.jpg\"\n\t\t\t\t\twidth=\"240\"\n\t\t\t\t\theight=\"160\"\n\t\t\t\t\tstyle=\"max-width:100%;\"\n\t\t\t\t\/>\n\t\t\t<\/a>\n\t\t<\/div>\n\t\t\t\t\t\t\t<\/div> \n\t\t\t\n\t\t\t\t<div id=\"ngg-image-11\" class=\"ngg-gallery-thumbnail-box \n\t\t\t\t\t\t\t\tngg-8-columns\t\t\t\" \n\t\t\t>\n\t\t\t\t\t\t<div class=\"ngg-gallery-thumbnail\">\n\t\t\t<a href=\"https:\/\/www.dpsg-huesten.de\/wp-content\/gallery\/pfingsten-in-westernohe-2017\/MG_9810.jpg\"\n\t\t\t\ttitle=\"\"\n\t\t\t\tdata-src=\"https:\/\/www.dpsg-huesten.de\/wp-content\/gallery\/pfingsten-in-westernohe-2017\/MG_9810.jpg\"\n\t\t\t\tdata-thumbnail=\"https:\/\/www.dpsg-huesten.de\/wp-content\/gallery\/pfingsten-in-westernohe-2017\/thumbs\/thumbs_MG_9810.jpg\"\n\t\t\t\tdata-image-id=\"362\"\n\t\t\t\tdata-title=\"MG_9810\"\n\t\t\t\tdata-description=\"\"\n\t\t\t\tdata-image-slug=\"mg_9810\"\n\t\t\t\tclass=\"ngg-simplelightbox\" rel=\"796b239e8bdec453d273d0a85fa27581\">\n\t\t\t\t<img\n\t\t\t\t\ttitle=\"MG_9810\"\n\t\t\t\t\talt=\"MG_9810\"\n\t\t\t\t\tsrc=\"https:\/\/www.dpsg-huesten.de\/wp-content\/gallery\/pfingsten-in-westernohe-2017\/thumbs\/thumbs_MG_9810.jpg\"\n\t\t\t\t\twidth=\"240\"\n\t\t\t\t\theight=\"160\"\n\t\t\t\t\tstyle=\"max-width:100%;\"\n\t\t\t\t\/>\n\t\t\t<\/a>\n\t\t<\/div>\n\t\t\t\t\t\t\t<\/div> \n\t\t\t\n\t\t\t\t<div id=\"ngg-image-12\" class=\"ngg-gallery-thumbnail-box \n\t\t\t\t\t\t\t\tngg-8-columns\t\t\t\" \n\t\t\t>\n\t\t\t\t\t\t<div class=\"ngg-gallery-thumbnail\">\n\t\t\t<a href=\"https:\/\/www.dpsg-huesten.de\/wp-content\/gallery\/pfingsten-in-westernohe-2017\/MG_9839.jpg\"\n\t\t\t\ttitle=\"\"\n\t\t\t\tdata-src=\"https:\/\/www.dpsg-huesten.de\/wp-content\/gallery\/pfingsten-in-westernohe-2017\/MG_9839.jpg\"\n\t\t\t\tdata-thumbnail=\"https:\/\/www.dpsg-huesten.de\/wp-content\/gallery\/pfingsten-in-westernohe-2017\/thumbs\/thumbs_MG_9839.jpg\"\n\t\t\t\tdata-image-id=\"363\"\n\t\t\t\tdata-title=\"MG_9839\"\n\t\t\t\tdata-description=\"\"\n\t\t\t\tdata-image-slug=\"mg_9839\"\n\t\t\t\tclass=\"ngg-simplelightbox\" rel=\"796b239e8bdec453d273d0a85fa27581\">\n\t\t\t\t<img\n\t\t\t\t\ttitle=\"MG_9839\"\n\t\t\t\t\talt=\"MG_9839\"\n\t\t\t\t\tsrc=\"https:\/\/www.dpsg-huesten.de\/wp-content\/gallery\/pfingsten-in-westernohe-2017\/thumbs\/thumbs_MG_9839.jpg\"\n\t\t\t\t\twidth=\"240\"\n\t\t\t\t\theight=\"160\"\n\t\t\t\t\tstyle=\"max-width:100%;\"\n\t\t\t\t\/>\n\t\t\t<\/a>\n\t\t<\/div>\n\t\t\t\t\t\t\t<\/div> \n\t\t\t\n\t\t\t\t<div id=\"ngg-image-13\" class=\"ngg-gallery-thumbnail-box \n\t\t\t\t\t\t\t\tngg-8-columns\t\t\t\" \n\t\t\t>\n\t\t\t\t\t\t<div class=\"ngg-gallery-thumbnail\">\n\t\t\t<a href=\"https:\/\/www.dpsg-huesten.de\/wp-content\/gallery\/pfingsten-in-westernohe-2017\/MG_9857_01.jpg\"\n\t\t\t\ttitle=\"\"\n\t\t\t\tdata-src=\"https:\/\/www.dpsg-huesten.de\/wp-content\/gallery\/pfingsten-in-westernohe-2017\/MG_9857_01.jpg\"\n\t\t\t\tdata-thumbnail=\"https:\/\/www.dpsg-huesten.de\/wp-content\/gallery\/pfingsten-in-westernohe-2017\/thumbs\/thumbs_MG_9857_01.jpg\"\n\t\t\t\tdata-image-id=\"364\"\n\t\t\t\tdata-title=\"MG_9857_01\"\n\t\t\t\tdata-description=\"\"\n\t\t\t\tdata-image-slug=\"mg_9857_01\"\n\t\t\t\tclass=\"ngg-simplelightbox\" rel=\"796b239e8bdec453d273d0a85fa27581\">\n\t\t\t\t<img\n\t\t\t\t\ttitle=\"MG_9857_01\"\n\t\t\t\t\talt=\"MG_9857_01\"\n\t\t\t\t\tsrc=\"https:\/\/www.dpsg-huesten.de\/wp-content\/gallery\/pfingsten-in-westernohe-2017\/thumbs\/thumbs_MG_9857_01.jpg\"\n\t\t\t\t\twidth=\"240\"\n\t\t\t\t\theight=\"160\"\n\t\t\t\t\tstyle=\"max-width:100%;\"\n\t\t\t\t\/>\n\t\t\t<\/a>\n\t\t<\/div>\n\t\t\t\t\t\t\t<\/div> \n\t\t\t\n\t\t\t\t<div id=\"ngg-image-14\" class=\"ngg-gallery-thumbnail-box \n\t\t\t\t\t\t\t\tngg-8-columns\t\t\t\" \n\t\t\t>\n\t\t\t\t\t\t<div class=\"ngg-gallery-thumbnail\">\n\t\t\t<a href=\"https:\/\/www.dpsg-huesten.de\/wp-content\/gallery\/pfingsten-in-westernohe-2017\/MG_9865.jpg\"\n\t\t\t\ttitle=\"\"\n\t\t\t\tdata-src=\"https:\/\/www.dpsg-huesten.de\/wp-content\/gallery\/pfingsten-in-westernohe-2017\/MG_9865.jpg\"\n\t\t\t\tdata-thumbnail=\"https:\/\/www.dpsg-huesten.de\/wp-content\/gallery\/pfingsten-in-westernohe-2017\/thumbs\/thumbs_MG_9865.jpg\"\n\t\t\t\tdata-image-id=\"365\"\n\t\t\t\tdata-title=\"MG_9865\"\n\t\t\t\tdata-description=\"\"\n\t\t\t\tdata-image-slug=\"mg_9865\"\n\t\t\t\tclass=\"ngg-simplelightbox\" rel=\"796b239e8bdec453d273d0a85fa27581\">\n\t\t\t\t<img\n\t\t\t\t\ttitle=\"MG_9865\"\n\t\t\t\t\talt=\"MG_9865\"\n\t\t\t\t\tsrc=\"https:\/\/www.dpsg-huesten.de\/wp-content\/gallery\/pfingsten-in-westernohe-2017\/thumbs\/thumbs_MG_9865.jpg\"\n\t\t\t\t\twidth=\"240\"\n\t\t\t\t\theight=\"160\"\n\t\t\t\t\tstyle=\"max-width:100%;\"\n\t\t\t\t\/>\n\t\t\t<\/a>\n\t\t<\/div>\n\t\t\t\t\t\t\t<\/div> \n\t\t\t\n\t\t\t\t<div id=\"ngg-image-15\" class=\"ngg-gallery-thumbnail-box \n\t\t\t\t\t\t\t\tngg-8-columns\t\t\t\" \n\t\t\t>\n\t\t\t\t\t\t<div class=\"ngg-gallery-thumbnail\">\n\t\t\t<a href=\"https:\/\/www.dpsg-huesten.de\/wp-content\/gallery\/pfingsten-in-westernohe-2017\/DB_MG_9843_01.jpg\"\n\t\t\t\ttitle=\"\"\n\t\t\t\tdata-src=\"https:\/\/www.dpsg-huesten.de\/wp-content\/gallery\/pfingsten-in-westernohe-2017\/DB_MG_9843_01.jpg\"\n\t\t\t\tdata-thumbnail=\"https:\/\/www.dpsg-huesten.de\/wp-content\/gallery\/pfingsten-in-westernohe-2017\/thumbs\/thumbs_DB_MG_9843_01.jpg\"\n\t\t\t\tdata-image-id=\"366\"\n\t\t\t\tdata-title=\"DB_MG_9843_01\"\n\t\t\t\tdata-description=\"\"\n\t\t\t\tdata-image-slug=\"db_mg_9843_01\"\n\t\t\t\tclass=\"ngg-simplelightbox\" rel=\"796b239e8bdec453d273d0a85fa27581\">\n\t\t\t\t<img\n\t\t\t\t\ttitle=\"DB_MG_9843_01\"\n\t\t\t\t\talt=\"DB_MG_9843_01\"\n\t\t\t\t\tsrc=\"https:\/\/www.dpsg-huesten.de\/wp-content\/gallery\/pfingsten-in-westernohe-2017\/thumbs\/thumbs_DB_MG_9843_01.jpg\"\n\t\t\t\t\twidth=\"240\"\n\t\t\t\t\theight=\"160\"\n\t\t\t\t\tstyle=\"max-width:100%;\"\n\t\t\t\t\/>\n\t\t\t<\/a>\n\t\t<\/div>\n\t\t\t\t\t\t\t<\/div> \n\t\t\t\n\t\n\t<br style=\"clear: both\" \/>\n\n\t\n\t\t<!-- Pagination -->\n\t\t<div class='ngg-clear'><\/div>\t<\/div>\n\n","protected":false},"excerpt":{"rendered":"<p>Dieses Pfingstlager &#8211; nat\u00fcrlich wieder in Westernohe &#8211; stand unter keinem Motto. Aber auch ohne dies hatten wir eine Menge Spa\u00df und durften sch\u00f6ne, klassisch-chaotische Tage verbringen. Denn ohne Chaos geht es bei uns einfach nicht! <a href=\"https:\/\/www.dpsg-huesten.de\/?page_id=2449\" class=\"more-link\"><span class=\"screen-reader-text\">Pfingsten in Westernohe<\/span> weiterlesen<\/a><\/p>\n","protected":false},"author":2,"featured_media":0,"parent":0,"menu_order":0,"comment_status":"closed","ping_status":"closed","template":"","meta":{"ngg_post_thumbnail":0,"footnotes":""},"_links":{"self":[{"href":"https:\/\/www.dpsg-huesten.de\/index.php?rest_route=\/wp\/v2\/pages\/2449"}],"collection":[{"href":"https:\/\/www.dpsg-huesten.de\/index.php?rest_route=\/wp\/v2\/pages"}],"about":[{"href":"https:\/\/www.dpsg-huesten.de\/index.php?rest_route=\/wp\/v2\/types\/page"}],"author":[{"embeddable":true,"href":"https:\/\/www.dpsg-huesten.de\/index.php?rest_route=\/wp\/v2\/users\/2"}],"replies":[{"embeddable":true,"href":"https:\/\/www.dpsg-huesten.de\/index.php?rest_route=%2Fwp%2Fv2%2Fcomments&post=2449"}],"version-history":[{"count":1,"href":"https:\/\/www.dpsg-huesten.de\/index.php?rest_route=\/wp\/v2\/pages\/2449\/revisions"}],"predecessor-version":[{"id":2450,"href":"https:\/\/www.dpsg-huesten.de\/index.php?rest_route=\/wp\/v2\/pages\/2449\/revisions\/2450"}],"wp:attachment":[{"href":"https:\/\/www.dpsg-huesten.de\/index.php?rest_route=%2Fwp%2Fv2%2Fmedia&parent=2449"}],"curies":[{"name":"wp","href":"https:\/\/api.w.org\/{rel}","templated":true}]}}