{"id":406,"date":"2013-10-05T15:54:45","date_gmt":"2013-10-05T13:54:45","guid":{"rendered":"http:\/\/jahebu.he-hosting.de\/dpsg-huesten\/?page_id=406"},"modified":"2013-10-05T15:54:45","modified_gmt":"2013-10-05T13:54:45","slug":"der-wanderrucksack","status":"publish","type":"page","link":"https:\/\/www.dpsg-huesten.de\/?page_id=406","title":{"rendered":"Der Wanderrucksack"},"content":{"rendered":"<p>Falls ihr euch einen Wanderrucksack zulegen m\u00f6chtet, was als Pfadfinder auf jeden Fall eine sinnfolle Anschaffung ist, gibt es ein paar wichtige Dinge zu beachten.<\/p>\n<p>Am besten geht ihr in ein Fachgesch\u00e4ft und lasst euch ausgiebig beraten! Es ist wichtig den Rucksack bereits im Gesch\u00e4ft in gef\u00fclltem Zustand einige Zeit zu testen und auch z.B. mal damit Treppen zu steigen, damit ihr sicher gehen k\u00f6nnt das ihr euch damit wohlf\u00fchlt.<\/p>\n<p>Jeder K\u00f6rper ist anders, daher ist es wichtig das der zuk\u00fcnftige Nutzer den Rucksack vor dem Kauf testet. Falls ihr noch im Wachstum seid, muss das Tragesystem h\u00f6henverstellbar sein, damit der Rucksack &#8222;mitw\u00e4chst&#8220;. Das ist aber i.d.R. heute Standart.<\/p>\n","protected":false},"excerpt":{"rendered":"<p>Falls ihr euch einen Wanderrucksack zulegen m\u00f6chtet, was als Pfadfinder auf jeden Fall eine sinnfolle Anschaffung ist, gibt es ein paar wichtige Dinge zu beachten. Am besten geht ihr in ein Fachgesch\u00e4ft und lasst euch ausgiebig beraten! Es ist wichtig den Rucksack bereits im Gesch\u00e4ft in gef\u00fclltem Zustand einige Zeit zu testen und auch z.B. mal damit Treppen zu steigen, damit ihr sicher gehen k\u00f6nnt das ihr euch damit wohlf\u00fchlt. Jeder K\u00f6rper ist anders, daher ist es wichtig das der zuk\u00fcnftige Nutzer den Rucksack vor dem Kauf testet. Falls ihr noch im Wachstum seid, muss das Tragesystem h\u00f6henverstellbar sein, damit &hellip; <a href=\"https:\/\/www.dpsg-huesten.de\/?page_id=406\" class=\"more-link\"><span class=\"screen-reader-text\">Der Wanderrucksack<\/span> weiterlesen<\/a><\/p>\n","protected":false},"author":1,"featured_media":0,"parent":126,"menu_order":0,"comment_status":"closed","ping_status":"open","template":"","meta":{"ngg_post_thumbnail":0,"footnotes":""},"_links":{"self":[{"href":"https:\/\/www.dpsg-huesten.de\/index.php?rest_route=\/wp\/v2\/pages\/406"}],"collection":[{"href":"https:\/\/www.dpsg-huesten.de\/index.php?rest_route=\/wp\/v2\/pages"}],"about":[{"href":"https:\/\/www.dpsg-huesten.de\/index.php?rest_route=\/wp\/v2\/types\/page"}],"author":[{"embeddable":true,"href":"https:\/\/www.dpsg-huesten.de\/index.php?rest_route=\/wp\/v2\/users\/1"}],"replies":[{"embeddable":true,"href":"https:\/\/www.dpsg-huesten.de\/index.php?rest_route=%2Fwp%2Fv2%2Fcomments&post=406"}],"version-history":[{"count":1,"href":"https:\/\/www.dpsg-huesten.de\/index.php?rest_route=\/wp\/v2\/pages\/406\/revisions"}],"predecessor-version":[{"id":407,"href":"https:\/\/www.dpsg-huesten.de\/index.php?rest_route=\/wp\/v2\/pages\/406\/revisions\/407"}],"up":[{"embeddable":true,"href":"https:\/\/www.dpsg-huesten.de\/index.php?rest_route=\/wp\/v2\/pages\/126"}],"wp:attachment":[{"href":"https:\/\/www.dpsg-huesten.de\/index.php?rest_route=%2Fwp%2Fv2%2Fmedia&parent=406"}],"curies":[{"name":"wp","href":"https:\/\/api.w.org\/{rel}","templated":true}]}}