{"id":42,"date":"2012-04-01T12:30:49","date_gmt":"2012-04-01T11:30:49","guid":{"rendered":"http:\/\/jahebu.he-hosting.de\/dpsg-huesten\/?page_id=42"},"modified":"2020-04-01T11:17:00","modified_gmt":"2020-04-01T09:17:00","slug":"mitgliedschaft","status":"publish","type":"page","link":"https:\/\/www.dpsg-huesten.de\/?page_id=42","title":{"rendered":"Mitgliedschaft"},"content":{"rendered":"<div><\/div>\n<p>Mitglied in der Deutschen Pfadfinderschaft Sankt Georg k\u00f6nnen alle Kinder und Jugendlichen von 7 &#8211; 20 Jahren werden. Unabh\u00e4ngig von Herkunft oder Glauben.<\/p>\n<p>Junge Erwachsene k\u00f6nnen ab 18 Jahren T\u00e4tigkeiten als Gruppenleiter oder Mitarbeiter \u00fcbernehmen.<\/p>\n<table>\n<tbody>\n<tr>\n<td colspan=\"2\" align=\"center\"><a href=\"http:\/\/www.dpsg-huesten.de\/?page_id=14\"><img decoding=\"async\" class=\"aligncenter\" src=\"http:\/\/dpsg-huesten.de\/grafiken\/button-woelflinge.gif\" alt=\"\" width=\"100\" height=\"53\"><\/a><\/td>\n<td colspan=\"2\" align=\"center\"><a href=\"http:\/\/www.dpsg-huesten.de\/?page_id=16\"><img decoding=\"async\" class=\"aligncenter\" src=\"http:\/\/dpsg-huesten.de\/grafiken\/button-jungpfadfinder.gif\" alt=\"\" width=\"100\" height=\"53\"><\/a><\/td>\n<td colspan=\"2\" align=\"center\"><a href=\"http:\/\/www.dpsg-huesten.de\/?page_id=19\"><img decoding=\"async\" class=\"aligncenter\" src=\"http:\/\/dpsg-huesten.de\/grafiken\/button-pfadfinder.gif\" alt=\"\" width=\"100\" height=\"53\"><\/a><\/td>\n<\/tr>\n<tr>\n<td colspan=\"3\" align=\"center\"><a href=\"http:\/\/www.dpsg-huesten.de\/?page_id=22\"><img decoding=\"async\" class=\"aligncenter\" src=\"http:\/\/dpsg-huesten.de\/grafiken\/button-rover.gif\" alt=\"\" width=\"100\" height=\"53\"><\/a><\/td>\n<td colspan=\"3\" align=\"center\"><a href=\"http:\/\/www.dpsg-huesten.de\/?page_id=48\"><img decoding=\"async\" class=\"aligncenter\" src=\"http:\/\/dpsg-huesten.de\/grafiken\/button-leiter.gif\" alt=\"\" width=\"100\" height=\"53\"><\/a><\/td>\n<\/tr>\n<\/tbody>\n<\/table>\n<p>&nbsp;<\/p>\n<p>Um Mitglied zu werden muss der&nbsp;<a href=\"http:\/\/jahebu.he-hosting.de\/dpsg-huesten\/wp-content\/uploads\/dokumente\/dpsg-mitgliedsantrag.pdf\" target=\"_blank\" rel=\"noopener noreferrer\">DPSG Mitgliedsantrag<\/a> ausgef\u00fcllt werden und vom Mitglied, bzw. dessen Erziehungsberechtigten, unterschrieben beim Vorstand eingereicht werden.<\/p>\n<p>Zuvor kann eine 8-w\u00f6chige Schnupperphase in der jeweiligen Gruppe genutzt werden.<\/p>\n<div><\/div>\n<div><\/div>\n<div><\/div>\n<div><\/div>\n","protected":false},"excerpt":{"rendered":"<p>Mitglied in der Deutschen Pfadfinderschaft Sankt Georg k\u00f6nnen alle Kinder und Jugendlichen von 7 &#8211; 20 Jahren werden. Unabh\u00e4ngig von Herkunft oder Glauben. Junge Erwachsene k\u00f6nnen ab 18 Jahren T\u00e4tigkeiten als Gruppenleiter oder Mitarbeiter \u00fcbernehmen. &nbsp; Um Mitglied zu werden muss der&nbsp;DPSG Mitgliedsantrag ausgef\u00fcllt werden und vom Mitglied, bzw. dessen Erziehungsberechtigten, unterschrieben beim Vorstand eingereicht werden. Zuvor kann eine 8-w\u00f6chige Schnupperphase in der jeweiligen Gruppe genutzt werden. <a href=\"https:\/\/www.dpsg-huesten.de\/?page_id=42\" class=\"more-link\"><span class=\"screen-reader-text\">Mitgliedschaft<\/span> weiterlesen<\/a><\/p>\n","protected":false},"author":1,"featured_media":0,"parent":1906,"menu_order":0,"comment_status":"closed","ping_status":"open","template":"","meta":{"ngg_post_thumbnail":0,"footnotes":""},"_links":{"self":[{"href":"https:\/\/www.dpsg-huesten.de\/index.php?rest_route=\/wp\/v2\/pages\/42"}],"collection":[{"href":"https:\/\/www.dpsg-huesten.de\/index.php?rest_route=\/wp\/v2\/pages"}],"about":[{"href":"https:\/\/www.dpsg-huesten.de\/index.php?rest_route=\/wp\/v2\/types\/page"}],"author":[{"embeddable":true,"href":"https:\/\/www.dpsg-huesten.de\/index.php?rest_route=\/wp\/v2\/users\/1"}],"replies":[{"embeddable":true,"href":"https:\/\/www.dpsg-huesten.de\/index.php?rest_route=%2Fwp%2Fv2%2Fcomments&post=42"}],"version-history":[{"count":40,"href":"https:\/\/www.dpsg-huesten.de\/index.php?rest_route=\/wp\/v2\/pages\/42\/revisions"}],"predecessor-version":[{"id":1908,"href":"https:\/\/www.dpsg-huesten.de\/index.php?rest_route=\/wp\/v2\/pages\/42\/revisions\/1908"}],"up":[{"embeddable":true,"href":"https:\/\/www.dpsg-huesten.de\/index.php?rest_route=\/wp\/v2\/pages\/1906"}],"wp:attachment":[{"href":"https:\/\/www.dpsg-huesten.de\/index.php?rest_route=%2Fwp%2Fv2%2Fmedia&parent=42"}],"curies":[{"name":"wp","href":"https:\/\/api.w.org\/{rel}","templated":true}]}}