{"id":526,"date":"2014-04-01T15:03:57","date_gmt":"2014-04-01T13:03:57","guid":{"rendered":"http:\/\/www.dpsg-huesten.de\/?page_id=526"},"modified":"2020-04-17T18:48:06","modified_gmt":"2020-04-17T16:48:06","slug":"eltern-faq","status":"publish","type":"page","link":"https:\/\/www.dpsg-huesten.de\/?page_id=526","title":{"rendered":"Eltern FAQ"},"content":{"rendered":"<div>\n\n<div class=\"sp-wrap sp-wrap-default\">\n<div class=\"sp-head\" title=\"Erweitern\">\nAb wann kann mein Kind Pfadfinder werden?\n<\/div>\n<div class=\"sp-body folded\">\n<p> Ab einem Alter von sieben Jahren kann Ihr Kind in der W\u00f6lflingsstufe mit dem Pfadfinden anfangen. Aber auch der sp\u00e4tere Einstieg ist kein Problem. Generell kann Ihr Kind jederzeit mit dem Pfadfinden anfangen. Muss mein Kind katholisch sein? Nein. Die DPSG ist zwar ein katholischer Verband, aber sie steht allen Menschen unabh\u00e4ngig von ihrer Konfession offen.<\/p>\n<div class=\"spdiv\">[Einklappen]<\/div>\n<\/div>\n<\/div>\n\n<\/div>\n\n<div class=\"sp-wrap sp-wrap-default\">\n<div class=\"sp-head\" title=\"Erweitern\">\nWie kann mein Kind vom Pfadfinden profitieren?\n<\/div>\n<div class=\"sp-body folded\">\n<p> Pfadfinden bietet Ihren Kindern viele verschiedene M\u00f6glichkeiten. Jedes Kind kann sich mit seinen F\u00e4higkeiten einbringen und die eigenen St\u00e4rken entdecken. Gleichzeitig spielt die Gemeinschaft in der Gruppe eine wichtige Rolle. Hier lernen die Kinder und Jugendlichen nicht nur miteinander sondern auch voneinander. Gemeinsam entdecken sie spielerisch ihre Welt, sowohl in den Gruppenstunden als auch w\u00e4hrend der kleineren und gr\u00f6\u00dferen Fahrten.<\/p>\n<div class=\"spdiv\">[Einklappen]<\/div>\n<\/div>\n<\/div>\n\n\n<div class=\"sp-wrap sp-wrap-default\">\n<div class=\"sp-head\" title=\"Erweitern\">\nWie sieht das Programm bei den Pfadfindern aus?\n<\/div>\n<div class=\"sp-body folded\">\n<p> Die Kinder und Jugendlichen treffen sich in der Regel einmal die Woche zur Gruppenstunde. Das Programm richtet sich nach den W\u00fcnschen und Interessen der Kinder und Jugendlichen und wird von ihnen selber gestaltet. Im Wechsel zwischen Gro\u00df- und Kleingruppe werden dann Projekte durchgef\u00fchrt: Von Spielen drinnen und drau\u00dfen \u00fcber Drachenbau und klassische Pfadfindertechniken bis hin zur Hilfe f\u00fcr ihre Mitmenschen oder zur Planung einer gro\u00dfen Party, kann ein Projekt alles sein, was die Kinder und Jugendlichen gerade besch\u00e4ftigt. Mehr zum Programm erfahren Sie auf den Seiten der jeweiligen <a href=\"http:\/\/www.dpsg-huesten.de\/?page_id=5\">Altersstufen<\/a>.<\/p>\n<div class=\"spdiv\">[Einklappen]<\/div>\n<\/div>\n<\/div>\n\n\n<div class=\"sp-wrap sp-wrap-default\">\n<div class=\"sp-head\" title=\"Erweitern\">\nWo kann ich mein Kind anmelden?\n<\/div>\n<div class=\"sp-body folded\">\n<p> Ihr Kind melden Sie direkt im Stamm, so hei\u00dft bei uns die Ortsgruppe, vor Ort an. Zun\u00e4chst kann Ihr Kind als Schnuppermitglied gemeldet werden und das Pfadfinden erst einmal testen. Nach sp\u00e4testens acht Wochen muss Ihr Kind dann vom Stamm bei der Bundesebene angemeldet werden.<\/p>\n<div class=\"spdiv\">[Einklappen]<\/div>\n<\/div>\n<\/div>\n\n\n<div class=\"sp-wrap sp-wrap-default\">\n<div class=\"sp-head\" title=\"Erweitern\">\nWas kostet Pfadfinden?\n<\/div>\n<div class=\"sp-body folded\">\n<p> Der Teilnehmerbeitrag betr\u00e4gt aktuell 47,50 Euro j\u00e4hrlich. Auf den Beitrag gibt es sowohl eine Familienerm\u00e4\u00dfigung als auch f\u00fcr Familien mit geringem Einkommen eine Sozialerm\u00e4\u00dfigung. Mehr zum Mitgliedsbeitrag erfahren Sie unter <a href=\"http:\/\/www.dpsg-huesten.de\/?page_id=42\">Mitgliedschaft<\/a>. Hinzu kommen noch individuelle Kosten f\u00fcr die Ausr\u00fcstung und Wochenend- und Ferienfahrten.<\/p>\n<div class=\"spdiv\">[Einklappen]<\/div>\n<\/div>\n<\/div>\n\n\n<div class=\"sp-wrap sp-wrap-default\">\n<div class=\"sp-head\" title=\"Erweitern\">\nWelche Ausr\u00fcstung ben\u00f6tigt mein Kind?\n<\/div>\n<div class=\"sp-body folded\">\n<p> Ihr Kind ben\u00f6tigt die Kluft f\u00fcr Pfadfinderinnen und Pfadfinder mit Aufn\u00e4her und das Halstuch mit dem Halstuchknoten. Dar\u00fcber hinaus ben\u00f6tigt es f\u00fcr die Wochenendfahrten oder Sommerlager Isomatte und Schlafsack sowie wetterangepasste Kleidung. Mehr Information zur&nbsp;<a href=\"http:\/\/www.dpsg-huesten.de\/?page_id=126\">Ausr\u00fcstung<\/a> finden Sie hier.<\/p>\n<div class=\"spdiv\">[Einklappen]<\/div>\n<\/div>\n<\/div>\n\n\n<div class=\"sp-wrap sp-wrap-default\">\n<div class=\"sp-head\" title=\"Erweitern\">\nWelcher Aufn\u00e4her kommt wohin?\n<\/div>\n<div class=\"sp-body folded\">\n<p> Auf die Kluft kommen verschieden Aufn\u00e4her. Manche Aufn\u00e4her haben einen bestimmten Platz auf der Kluft. Hier gibt es eine <a href=\"http:\/\/www.dpsg-huesten.de\/?page_id=45\">Anleitung<\/a>.<\/p>\n<div class=\"spdiv\">[Einklappen]<\/div>\n<\/div>\n<\/div>\n\n<p>&nbsp;<\/p>\n<p>&nbsp;<\/p>\n<div>\n<p>&nbsp;<\/p>\n<p>&nbsp;<\/p>\n<\/div>\n","protected":false},"excerpt":{"rendered":"<p>&nbsp; &nbsp; &nbsp; &nbsp; <a href=\"https:\/\/www.dpsg-huesten.de\/?page_id=526\" class=\"more-link\"><span class=\"screen-reader-text\">Eltern FAQ<\/span> weiterlesen<\/a><\/p>\n","protected":false},"author":1,"featured_media":0,"parent":8,"menu_order":0,"comment_status":"open","ping_status":"closed","template":"","meta":{"ngg_post_thumbnail":0,"footnotes":""},"_links":{"self":[{"href":"https:\/\/www.dpsg-huesten.de\/index.php?rest_route=\/wp\/v2\/pages\/526"}],"collection":[{"href":"https:\/\/www.dpsg-huesten.de\/index.php?rest_route=\/wp\/v2\/pages"}],"about":[{"href":"https:\/\/www.dpsg-huesten.de\/index.php?rest_route=\/wp\/v2\/types\/page"}],"author":[{"embeddable":true,"href":"https:\/\/www.dpsg-huesten.de\/index.php?rest_route=\/wp\/v2\/users\/1"}],"replies":[{"embeddable":true,"href":"https:\/\/www.dpsg-huesten.de\/index.php?rest_route=%2Fwp%2Fv2%2Fcomments&post=526"}],"version-history":[{"count":15,"href":"https:\/\/www.dpsg-huesten.de\/index.php?rest_route=\/wp\/v2\/pages\/526\/revisions"}],"predecessor-version":[{"id":2058,"href":"https:\/\/www.dpsg-huesten.de\/index.php?rest_route=\/wp\/v2\/pages\/526\/revisions\/2058"}],"up":[{"embeddable":true,"href":"https:\/\/www.dpsg-huesten.de\/index.php?rest_route=\/wp\/v2\/pages\/8"}],"wp:attachment":[{"href":"https:\/\/www.dpsg-huesten.de\/index.php?rest_route=%2Fwp%2Fv2%2Fmedia&parent=526"}],"curies":[{"name":"wp","href":"https:\/\/api.w.org\/{rel}","templated":true}]}}