{"id":972,"date":"2018-04-02T17:40:01","date_gmt":"2018-04-02T15:40:01","guid":{"rendered":"http:\/\/www.dpsg-huesten.de\/?page_id=972"},"modified":"2020-04-29T20:45:00","modified_gmt":"2020-04-29T18:45:00","slug":"infos-fuer-interessierte-am-ehrenamt","status":"publish","type":"page","link":"https:\/\/www.dpsg-huesten.de\/?page_id=972","title":{"rendered":"Infos f\u00fcr Interessierte am Ehrenamt"},"content":{"rendered":"<h1><strong>Wir suchen Verst\u00e4rkung der Leiterrunde!<\/strong><\/h1>\n<p>Du hast Interesse am Ehrenamt bei den Pfadfindern, wei\u00dft aber noch nicht genau, ob das wirklich was f\u00fcr dich ist? Hier findest du viele Informationen, die dir vielleicht bei deiner Entscheidung helfen k\u00f6nnen. Klick dich durch und lerne uns kennen.<\/p>\n<p><a href=\"http:\/\/www.dpsg-huesten.de\/?page_id=1171\">Hier<\/a> erz\u00e4hlen aktive Leiter, aber auch Kinder und Jungendliche, was Pfadfinden f\u00fcr sie bedeutet, was ihnen so viel Spa\u00df macht und vieles mehr. Unten kannst du dich durch die wichtigsten Fragen klicken. Es gibt einiges zu entdecken!<\/p>\n\n<div class=\"sp-wrap sp-wrap-default\">\n<div class=\"sp-head\" title=\"Erweitern\">\nWer wir sind\n<\/div>\n<div class=\"sp-body folded\">\n<p>Wir sind die H\u00fcstener Pfadfinder und geh\u00f6ren dem Bundesverband&nbsp; <a href=\"https:\/\/dpsg.de\/de\/startseite.html\">DPSG<\/a> an.&nbsp; Bei uns haben aktuell etwa 80 Jungen und M\u00e4dchen im Alter von 7 bis 21 Jahren gemeinsam mit ihren LeiterInnen in den w\u00f6chentlichen Gruppenstunden eine Menge Spa\u00df. <\/p>\n<div class=\"spdiv\">[Einklappen]<\/div>\n<\/div>\n<\/div>\n\n\n<div class=\"sp-wrap sp-wrap-default\">\n<div class=\"sp-head\" title=\"Erweitern\">\nWas wir so machen\n<\/div>\n<div class=\"sp-body folded\">\n<p> Je nach <a href=\"http:\/\/www.dpsg-huesten.de\/?page_id=5\">Altersstufe<\/a> widmen sich die Gruppen bestimmten Themen wie dem richtigen Lagerfeuer, dem Schnitzen, dem Erforschen der Natur, planen ihr n\u00e4chstes Sommerlager oder genie\u00dfen bei Spielen einfach ihre gemeinsame Freizeit. Bei allem versuchen wir, so viel Zeit wie m\u00f6glich im Freien zu verbringen. Falls das wettertechnisch nicht klappt, stehen uns die Jugendr\u00e4ume des Petrushauses in H\u00fcsten zur Verf\u00fcgung.<\/p>\n<div class=\"spdiv\">[Einklappen]<\/div>\n<\/div>\n<\/div>\n\n\n<div class=\"sp-wrap sp-wrap-default\">\n<div class=\"sp-head\" title=\"Erweitern\">\nWas bedeutet es, Leiter\/in zu sein?\n<\/div>\n<div class=\"sp-body folded\">\n<p>Leiter\/in bei den Pfadfindern zu sein bedeutet, zum einen Verantwortung f\u00fcr Kinder und Jugendliche w\u00e4hrend der Gruppenstunden und Lagerfahrten zu \u00fcbernehmen und der Gruppe tolle und wichtige Erfahrungen zu erm\u00f6glichen. Das alleine macht schon viel Spa\u00df, gerade wenn man die Freude und Dankbarkeit der Kinder sieht. Aber auch f\u00fcr einen selbst bringt das Ehrenamt viele tolle Vorteile. Neben der Annerkennung von Kindern, Eltern und der Gesellschaft kommt man gerade bei der DPSG in den Genuss vieler n\u00fctzlicher Fortbildungen und Workshops, die einem im Alltag oft viel helfen k\u00f6nnen. Sei es bei Bewerbungen oder auch sp\u00e4ter mitten im Beruf. <\/p>\n<div class=\"spdiv\">[Einklappen]<\/div>\n<\/div>\n<\/div>\n\n\n<div class=\"sp-wrap sp-wrap-default\">\n<div class=\"sp-head\" title=\"Erweitern\">\nWen wir suchen\n<\/div>\n<div class=\"sp-body folded\">\n<p>Wir suchen junge und jung gebliebene Menschen, die Lust haben, gemeinsam mit uns die Welt ein St\u00fcckchen besser zu machen. Du solltest vollj\u00e4hrig sein und einmal die Woche f\u00fcr jeweils 1,5 Stunden Zeit haben. Verantwortungsbewusstsein und Teamf\u00e4higkeit sind ebenfalls erforderlich. Die Begeisterung f\u00fcr Natur und das Abenteuer sollten dir nat\u00fcrlich auch nicht fehlen. <\/p>\n<div class=\"spdiv\">[Einklappen]<\/div>\n<\/div>\n<\/div>\n\n<p>&nbsp;<\/p>\n","protected":false},"excerpt":{"rendered":"<p>Wir suchen Verst\u00e4rkung der Leiterrunde! Du hast Interesse am Ehrenamt bei den Pfadfindern, wei\u00dft aber noch nicht genau, ob das wirklich was f\u00fcr dich ist? Hier findest du viele Informationen, die dir vielleicht bei deiner Entscheidung helfen k\u00f6nnen. Klick dich durch und lerne uns kennen. Hier erz\u00e4hlen aktive Leiter, aber auch Kinder und Jungendliche, was Pfadfinden f\u00fcr sie bedeutet, was ihnen so viel Spa\u00df macht und vieles mehr. Unten kannst du dich durch die wichtigsten Fragen klicken. Es gibt einiges zu entdecken! &nbsp; <a href=\"https:\/\/www.dpsg-huesten.de\/?page_id=972\" class=\"more-link\"><span class=\"screen-reader-text\">Infos f\u00fcr Interessierte am Ehrenamt<\/span> weiterlesen<\/a><\/p>\n","protected":false},"author":2,"featured_media":0,"parent":8,"menu_order":0,"comment_status":"open","ping_status":"closed","template":"","meta":{"ngg_post_thumbnail":0,"footnotes":""},"_links":{"self":[{"href":"https:\/\/www.dpsg-huesten.de\/index.php?rest_route=\/wp\/v2\/pages\/972"}],"collection":[{"href":"https:\/\/www.dpsg-huesten.de\/index.php?rest_route=\/wp\/v2\/pages"}],"about":[{"href":"https:\/\/www.dpsg-huesten.de\/index.php?rest_route=\/wp\/v2\/types\/page"}],"author":[{"embeddable":true,"href":"https:\/\/www.dpsg-huesten.de\/index.php?rest_route=\/wp\/v2\/users\/2"}],"replies":[{"embeddable":true,"href":"https:\/\/www.dpsg-huesten.de\/index.php?rest_route=%2Fwp%2Fv2%2Fcomments&post=972"}],"version-history":[{"count":44,"href":"https:\/\/www.dpsg-huesten.de\/index.php?rest_route=\/wp\/v2\/pages\/972\/revisions"}],"predecessor-version":[{"id":2514,"href":"https:\/\/www.dpsg-huesten.de\/index.php?rest_route=\/wp\/v2\/pages\/972\/revisions\/2514"}],"up":[{"embeddable":true,"href":"https:\/\/www.dpsg-huesten.de\/index.php?rest_route=\/wp\/v2\/pages\/8"}],"wp:attachment":[{"href":"https:\/\/www.dpsg-huesten.de\/index.php?rest_route=%2Fwp%2Fv2%2Fmedia&parent=972"}],"curies":[{"name":"wp","href":"https:\/\/api.w.org\/{rel}","templated":true}]}}